{"id":14644,"date":"2024-12-05T16:24:32","date_gmt":"2024-12-05T15:24:32","guid":{"rendered":"https:\/\/quaisdupolar.com\/the-festival\/literary-prizes\/prix-court-polar-police-nationale-quais-du-polar\/"},"modified":"2025-05-16T10:20:16","modified_gmt":"2025-05-16T08:20:16","slug":"prix-court-polar-police-nationale-quais-du-polar","status":"publish","type":"page","link":"https:\/\/quaisdupolar.com\/en\/the-festival\/literary-prizes\/prix-court-polar-police-nationale-quais-du-polar\/","title":{"rendered":"Short Crime Story Award"},"content":{"rendered":"\t\t<div data-elementor-type=\"wp-page\" data-elementor-id=\"14644\" class=\"elementor elementor-14644 elementor-14123\" data-elementor-post-type=\"page\">\n\t\t\t\t\t\t<section class=\"elementor-section elementor-top-section elementor-element elementor-element-0081a3a elementor-section-boxed elementor-section-height-default elementor-section-height-default\" data-id=\"0081a3a\" data-element_type=\"section\" data-e-type=\"section\">\n\t\t\t\t\t\t<div class=\"elementor-container elementor-column-gap-default\">\n\t\t\t\t\t<div class=\"elementor-column elementor-col-100 elementor-top-column elementor-element elementor-element-bbdd385\" data-id=\"bbdd385\" data-element_type=\"column\" data-e-type=\"column\">\n\t\t\t<div class=\"elementor-widget-wrap elementor-element-populated\">\n\t\t\t\t\t\t<div class=\"elementor-element elementor-element-2319933 elementor-widget elementor-widget-text-editor\" data-id=\"2319933\" data-element_type=\"widget\" data-e-type=\"widget\" data-widget_type=\"text-editor.default\">\n\t\t\t\t<div class=\"elementor-widget-container\">\n\t\t\t\t\t\t\t\t\t<p><strong>For the first time, Quais du Polar is collaborating with the French <a href=\"https:\/\/www.police-nationale.interieur.gouv.fr\">National Police<\/a> on a new short story competition for high school students : the Short crime story award. <\/strong><\/p><p><span style=\"font-weight: 400;\">Three winners will be awarded the \u00abplot\u00bb, \u00abthrill\u00bb and \u00abwriting\u00bb prizes at the 21st edition of the festival. The three winners will be chosen by a jury of professionals, including Quais du Polar representatives, criminologists, authors, YouTubers specializing in True Crime, journalists, scriptwriters and publishers. <\/span><\/p><p><span>The winning short stories will receive media coverage on the national police force&#8217;s social networks. Winners will receive a prize of thrillers and the chance to experience exclusive immersions in prestigious police departments, such as the <a href=\"https:\/\/www.police-nationale.interieur.gouv.fr\/nous-decouvrir\/notre-organisation\/organisation\/service-national-de-police-scientifique-snps\" title=\"Lien externe - service national de la police scientifique - Dans un nouvel onglet\" target=\"_blank\" rel=\"noopener\">national forensic police service<\/a> <span>or the<\/span> <a href=\"https:\/\/www.police-nationale.interieur.gouv.fr\/nous-decouvrir\/notre-organisation\/organisation\/raid-recherche-assistance-intervention-dissuasion\" title=\"Lien externe - RAID - Dans un nouvel onglet\" target=\"_blank\" rel=\"noopener\">RAID<\/a>. <\/span><\/p>\t\t\t\t\t\t\t\t<\/div>\n\t\t\t\t<\/div>\n\t\t\t\t<div class=\"elementor-element elementor-element-c0fdc9b elementor-widget elementor-widget-text-editor\" data-id=\"c0fdc9b\" data-element_type=\"widget\" data-e-type=\"widget\" data-widget_type=\"text-editor.default\">\n\t\t\t\t<div class=\"elementor-widget-container\">\n\t\t\t\t\t\t\t\t\t<p><span style=\"color: #000000;\"><strong>AWARD-WINNING SHORT STORIES<\/strong><\/span><\/p><p><span style=\"color: #000000;\">Writing Award<\/span><br \/><span style=\"color: #000000;\"><em>La valse de Kitsune<\/em> by Marin Gerner, Strasbourg<\/span><\/p><p><span style=\"color: #000000;\">Intrigue Award<\/span><br \/><span style=\"color: #000000;\"><em>Le soldat de plomb<\/em> by Rapha\u00eblle Arnaud, Grenoble<\/span><\/p><p><span style=\"color: #000000;\">Thrill Award<\/span><br \/><span style=\"color: #000000;\"><em>La salle du pendu<\/em> by Mme Sylvia Bienaim\u00e9 Turchi&#8217;s class, Lyc\u00e9e Albert Ch\u00e2telet in Douai, represented by Alice<\/span><\/p><p><span style=\"color: #000000;\">Jury&#8217;s Choice Award<\/span><br \/><span style=\"color: #000000;\"><em>L&#8217;innocence entach\u00e9e<\/em> by Margot Larrieu, Rumilly<\/span><\/p>\t\t\t\t\t\t\t\t<\/div>\n\t\t\t\t<\/div>\n\t\t\t\t<div class=\"elementor-element elementor-element-9ef5c20 elementor-widget elementor-widget-text-editor\" data-id=\"9ef5c20\" data-element_type=\"widget\" data-e-type=\"widget\" data-widget_type=\"text-editor.default\">\n\t\t\t\t<div class=\"elementor-widget-container\">\n\t\t\t\t\t\t\t\t\t<p><strong>THE RULES<\/strong><\/p>\n<ul>\n<li>Your detective story should be no more than 40,000 characters long and sent in Word format.<\/li>\n<li>Your short story should feature a policewoman or a policeman, and should be full of suspense and twists.<\/li>\n<li>The text can be written individually or in groups.<\/li>\n<li>The text must be written in French.<\/li>\n<\/ul>\n<p>The full competition rules are available <a href=\"https:\/\/www.police-nationale.interieur.gouv.fr\/actualite\/reglement-concours-litteraire-court-polar\">on the Police Nationale website<\/a>, and can also be <a href=\"https:\/\/quaisdupolar.com\/wp-content\/uploads\/2024\/12\/QDP-Reglement.pdf\">downloaded here<\/a>.<\/p>\n\t\t\t\t\t\t\t\t<\/div>\n\t\t\t\t<\/div>\n\t\t\t\t<div class=\"elementor-element elementor-element-e7603cb elementor-widget elementor-widget-text-editor\" data-id=\"e7603cb\" data-element_type=\"widget\" data-e-type=\"widget\" data-widget_type=\"text-editor.default\">\n\t\t\t\t<div class=\"elementor-widget-container\">\n\t\t\t\t\t\t\t\t\t<p><strong>PRACTICAL DETAILS<\/strong><\/p>\n<ul>\n<li>December 21, 2024 (before midnight): deadline for sending registration form to <a href=\"mailto:courtpolar@interieur.gouv.fr\">courtpolar@interieur.gouv.fr<\/a><\/li>\n<li>February 20 midnight: closing date for applications<\/li>\n<li>March 28, 2025: Jury deliberation and communication of results to winners to organize their attendance at the festival<\/li>\n<li>April 4 &#8211; 6: Quais du polar festival in Lyon and awards ceremony (date to be announced).<\/li>\n<\/ul>\n\t\t\t\t\t\t\t\t<\/div>\n\t\t\t\t<\/div>\n\t\t\t\t<div class=\"elementor-element elementor-element-f7b0811 elementor-widget elementor-widget-button\" data-id=\"f7b0811\" data-element_type=\"widget\" data-e-type=\"widget\" data-widget_type=\"button.default\">\n\t\t\t\t<div class=\"elementor-widget-container\">\n\t\t\t\t\t\t\t\t\t<div class=\"elementor-button-wrapper\">\n\t\t\t\t\t<a class=\"elementor-button elementor-button-link elementor-size-sm\" href=\"https:\/\/quaisdupolar.com\/wp-content\/uploads\/2024\/12\/Formulaire-dinscription-concours-litteraire-Court-polar-.pdf\" target=\"_blank\">\n\t\t\t\t\t\t<span class=\"elementor-button-content-wrapper\">\n\t\t\t\t\t\t\t\t\t<span class=\"elementor-button-text\">Registration closed<\/span>\n\t\t\t\t\t<\/span>\n\t\t\t\t\t<\/a>\n\t\t\t\t<\/div>\n\t\t\t\t\t\t\t\t<\/div>\n\t\t\t\t<\/div>\n\t\t\t\t\t<\/div>\n\t\t<\/div>\n\t\t\t\t\t<\/div>\n\t\t<\/section>\n\t\t<div class=\"elementor-element elementor-element-9352ee0 e-con-full e-flex e-con e-parent\" data-id=\"9352ee0\" data-element_type=\"container\" data-e-type=\"container\">\n\t\t\t\t<div class=\"elementor-element elementor-element-8877f0f elementor-widget elementor-widget-image\" data-id=\"8877f0f\" data-element_type=\"widget\" data-e-type=\"widget\" data-widget_type=\"image.default\">\n\t\t\t\t<div class=\"elementor-widget-container\">\n\t\t\t\t\t\t\t\t\t\t\t\t\t\t\t<img decoding=\"async\" src=\"https:\/\/quaisdupolar.com\/wp-content\/smush-avif\/elementor\/thumbs\/PoliceNationale-V-RVB-r5g3aw4uwouvyfhfzrxfjkmilghdi5uds3p1iymtfs.png.avif\" title=\"PoliceNationale-V-RVB\" alt=\"PoliceNationale-V-RVB\" loading=\"lazy\" \/>\t\t\t\t\t\t\t\t\t\t\t\t\t\t\t<\/div>\n\t\t\t\t<\/div>\n\t\t\t\t<\/div>\n\t\t\t\t<\/div>\n\t\t","protected":false},"excerpt":{"rendered":"<p>For the first time, Quais du Polar is collaborating with the French National Police on a new short story competition for high school students : the Short crime story award. Three winners will be awarded the \u00abplot\u00bb, \u00abthrill\u00bb and \u00abwriting\u00bb prizes at the 21st edition of the festival. The three winners will be chosen by [&hellip;]<\/p>\n","protected":false},"author":6,"featured_media":0,"parent":5122,"menu_order":33,"comment_status":"closed","ping_status":"closed","template":"","meta":{"_acf_changed":false,"footnotes":""},"class_list":["post-14644","page","type-page","status-publish","hentry"],"acf":[],"yoast_head":"<!-- This site is optimized with the Yoast SEO plugin v27.1.1 - https:\/\/yoast.com\/product\/yoast-seo-wordpress\/ -->\n<title>Short Crime Story Award - Quais du polar<\/title>\n<meta name=\"robots\" content=\"index, follow, max-snippet:-1, max-image-preview:large, max-video-preview:-1\" \/>\n<link rel=\"canonical\" href=\"https:\/\/quaisdupolar.com\/en\/the-festival\/literary-prizes\/prix-court-polar-police-nationale-quais-du-polar\/\" \/>\n<meta property=\"og:locale\" content=\"en_US\" \/>\n<meta property=\"og:type\" content=\"article\" \/>\n<meta property=\"og:title\" content=\"Short Crime Story Award - Quais du polar\" \/>\n<meta property=\"og:description\" content=\"For the first time, Quais du Polar is collaborating with the French National Police on a new short story competition for high school students : the Short crime story award. Three winners will be awarded the \u00abplot\u00bb, \u00abthrill\u00bb and \u00abwriting\u00bb prizes at the 21st edition of the festival. The three winners will be chosen by [&hellip;]\" \/>\n<meta property=\"og:url\" content=\"https:\/\/quaisdupolar.com\/en\/the-festival\/literary-prizes\/prix-court-polar-police-nationale-quais-du-polar\/\" \/>\n<meta property=\"og:site_name\" content=\"Quais du polar\" \/>\n<meta property=\"article:publisher\" content=\"https:\/\/www.facebook.com\/quaisdupolar\/\" \/>\n<meta property=\"article:modified_time\" content=\"2025-05-16T08:20:16+00:00\" \/>\n<meta property=\"og:image\" content=\"https:\/\/quaisdupolar.com\/wp-content\/uploads\/elementor\/thumbs\/PoliceNationale-V-RVB-r5g3aw4uwouvyfhfzrxfjkmilghdi5uds3p1iymtfs.png\" \/>\n<meta name=\"twitter:card\" content=\"summary_large_image\" \/>\n<meta name=\"twitter:site\" content=\"@QuaisPolar\" \/>\n<meta name=\"twitter:label1\" content=\"Est. reading time\" \/>\n\t<meta name=\"twitter:data1\" content=\"2 minutes\" \/>\n<script type=\"application\/ld+json\" class=\"yoast-schema-graph\">{\"@context\":\"https:\/\/schema.org\",\"@graph\":[{\"@type\":\"WebPage\",\"@id\":\"https:\/\/quaisdupolar.com\/en\/the-festival\/literary-prizes\/prix-court-polar-police-nationale-quais-du-polar\/\",\"url\":\"https:\/\/quaisdupolar.com\/en\/the-festival\/literary-prizes\/prix-court-polar-police-nationale-quais-du-polar\/\",\"name\":\"Short Crime Story Award - Quais du polar\",\"isPartOf\":{\"@id\":\"https:\/\/quaisdupolar.com\/en\/#website\"},\"primaryImageOfPage\":{\"@id\":\"https:\/\/quaisdupolar.com\/en\/the-festival\/literary-prizes\/prix-court-polar-police-nationale-quais-du-polar\/#primaryimage\"},\"image\":{\"@id\":\"https:\/\/quaisdupolar.com\/en\/the-festival\/literary-prizes\/prix-court-polar-police-nationale-quais-du-polar\/#primaryimage\"},\"thumbnailUrl\":\"https:\/\/quaisdupolar.com\/wp-content\/uploads\/elementor\/thumbs\/PoliceNationale-V-RVB-r5g3aw4uwouvyfhfzrxfjkmilghdi5uds3p1iymtfs.png\",\"datePublished\":\"2024-12-05T15:24:32+00:00\",\"dateModified\":\"2025-05-16T08:20:16+00:00\",\"breadcrumb\":{\"@id\":\"https:\/\/quaisdupolar.com\/en\/the-festival\/literary-prizes\/prix-court-polar-police-nationale-quais-du-polar\/#breadcrumb\"},\"inLanguage\":\"en-US\",\"potentialAction\":[{\"@type\":\"ReadAction\",\"target\":[\"https:\/\/quaisdupolar.com\/en\/the-festival\/literary-prizes\/prix-court-polar-police-nationale-quais-du-polar\/\"]}]},{\"@type\":\"ImageObject\",\"inLanguage\":\"en-US\",\"@id\":\"https:\/\/quaisdupolar.com\/en\/the-festival\/literary-prizes\/prix-court-polar-police-nationale-quais-du-polar\/#primaryimage\",\"url\":\"https:\/\/quaisdupolar.com\/wp-content\/uploads\/elementor\/thumbs\/PoliceNationale-V-RVB-r5g3aw4uwouvyfhfzrxfjkmilghdi5uds3p1iymtfs.png\",\"contentUrl\":\"https:\/\/quaisdupolar.com\/wp-content\/uploads\/elementor\/thumbs\/PoliceNationale-V-RVB-r5g3aw4uwouvyfhfzrxfjkmilghdi5uds3p1iymtfs.png\"},{\"@type\":\"BreadcrumbList\",\"@id\":\"https:\/\/quaisdupolar.com\/en\/the-festival\/literary-prizes\/prix-court-polar-police-nationale-quais-du-polar\/#breadcrumb\",\"itemListElement\":[{\"@type\":\"ListItem\",\"position\":1,\"name\":\"Home\",\"item\":\"https:\/\/quaisdupolar.com\/en\/\"},{\"@type\":\"ListItem\",\"position\":2,\"name\":\"The festival\",\"item\":\"https:\/\/quaisdupolar.com\/en\/the-festival\/\"},{\"@type\":\"ListItem\",\"position\":3,\"name\":\"Literary awards\",\"item\":\"https:\/\/quaisdupolar.com\/en\/the-festival\/literary-prizes\/\"},{\"@type\":\"ListItem\",\"position\":4,\"name\":\"Short Crime Story Award\"}]},{\"@type\":\"WebSite\",\"@id\":\"https:\/\/quaisdupolar.com\/en\/#website\",\"url\":\"https:\/\/quaisdupolar.com\/en\/\",\"name\":\"Quais du Polar\",\"description\":\"\",\"publisher\":{\"@id\":\"https:\/\/quaisdupolar.com\/en\/#organization\"},\"potentialAction\":[{\"@type\":\"SearchAction\",\"target\":{\"@type\":\"EntryPoint\",\"urlTemplate\":\"https:\/\/quaisdupolar.com\/en\/?s={search_term_string}\"},\"query-input\":{\"@type\":\"PropertyValueSpecification\",\"valueRequired\":true,\"valueName\":\"search_term_string\"}}],\"inLanguage\":\"en-US\"},{\"@type\":\"Organization\",\"@id\":\"https:\/\/quaisdupolar.com\/en\/#organization\",\"name\":\"Quais du Polar\",\"url\":\"https:\/\/quaisdupolar.com\/en\/\",\"logo\":{\"@type\":\"ImageObject\",\"inLanguage\":\"en-US\",\"@id\":\"https:\/\/quaisdupolar.com\/en\/#\/schema\/logo\/image\/\",\"url\":\"https:\/\/quaisdupolar.com\/wp-content\/uploads\/2024\/08\/logo-quais-50.png\",\"contentUrl\":\"https:\/\/quaisdupolar.com\/wp-content\/uploads\/2024\/08\/logo-quais-50.png\",\"width\":428,\"height\":179,\"caption\":\"Quais du Polar\"},\"image\":{\"@id\":\"https:\/\/quaisdupolar.com\/en\/#\/schema\/logo\/image\/\"},\"sameAs\":[\"https:\/\/www.facebook.com\/quaisdupolar\/\",\"https:\/\/x.com\/QuaisPolar\",\"https:\/\/www.instagram.com\/quais_polar\/\"]}]}<\/script>\n<!-- \/ Yoast SEO plugin. -->","yoast_head_json":{"title":"Short Crime Story Award - Quais du polar","robots":{"index":"index","follow":"follow","max-snippet":"max-snippet:-1","max-image-preview":"max-image-preview:large","max-video-preview":"max-video-preview:-1"},"canonical":"https:\/\/quaisdupolar.com\/en\/the-festival\/literary-prizes\/prix-court-polar-police-nationale-quais-du-polar\/","og_locale":"en_US","og_type":"article","og_title":"Short Crime Story Award - Quais du polar","og_description":"For the first time, Quais du Polar is collaborating with the French National Police on a new short story competition for high school students : the Short crime story award. Three winners will be awarded the \u00abplot\u00bb, \u00abthrill\u00bb and \u00abwriting\u00bb prizes at the 21st edition of the festival. The three winners will be chosen by [&hellip;]","og_url":"https:\/\/quaisdupolar.com\/en\/the-festival\/literary-prizes\/prix-court-polar-police-nationale-quais-du-polar\/","og_site_name":"Quais du polar","article_publisher":"https:\/\/www.facebook.com\/quaisdupolar\/","article_modified_time":"2025-05-16T08:20:16+00:00","og_image":[{"url":"https:\/\/quaisdupolar.com\/wp-content\/uploads\/elementor\/thumbs\/PoliceNationale-V-RVB-r5g3aw4uwouvyfhfzrxfjkmilghdi5uds3p1iymtfs.png","type":"","width":"","height":""}],"twitter_card":"summary_large_image","twitter_site":"@QuaisPolar","twitter_misc":{"Est. reading time":"2 minutes"},"schema":{"@context":"https:\/\/schema.org","@graph":[{"@type":"WebPage","@id":"https:\/\/quaisdupolar.com\/en\/the-festival\/literary-prizes\/prix-court-polar-police-nationale-quais-du-polar\/","url":"https:\/\/quaisdupolar.com\/en\/the-festival\/literary-prizes\/prix-court-polar-police-nationale-quais-du-polar\/","name":"Short Crime Story Award - Quais du polar","isPartOf":{"@id":"https:\/\/quaisdupolar.com\/en\/#website"},"primaryImageOfPage":{"@id":"https:\/\/quaisdupolar.com\/en\/the-festival\/literary-prizes\/prix-court-polar-police-nationale-quais-du-polar\/#primaryimage"},"image":{"@id":"https:\/\/quaisdupolar.com\/en\/the-festival\/literary-prizes\/prix-court-polar-police-nationale-quais-du-polar\/#primaryimage"},"thumbnailUrl":"https:\/\/quaisdupolar.com\/wp-content\/uploads\/elementor\/thumbs\/PoliceNationale-V-RVB-r5g3aw4uwouvyfhfzrxfjkmilghdi5uds3p1iymtfs.png","datePublished":"2024-12-05T15:24:32+00:00","dateModified":"2025-05-16T08:20:16+00:00","breadcrumb":{"@id":"https:\/\/quaisdupolar.com\/en\/the-festival\/literary-prizes\/prix-court-polar-police-nationale-quais-du-polar\/#breadcrumb"},"inLanguage":"en-US","potentialAction":[{"@type":"ReadAction","target":["https:\/\/quaisdupolar.com\/en\/the-festival\/literary-prizes\/prix-court-polar-police-nationale-quais-du-polar\/"]}]},{"@type":"ImageObject","inLanguage":"en-US","@id":"https:\/\/quaisdupolar.com\/en\/the-festival\/literary-prizes\/prix-court-polar-police-nationale-quais-du-polar\/#primaryimage","url":"https:\/\/quaisdupolar.com\/wp-content\/uploads\/elementor\/thumbs\/PoliceNationale-V-RVB-r5g3aw4uwouvyfhfzrxfjkmilghdi5uds3p1iymtfs.png","contentUrl":"https:\/\/quaisdupolar.com\/wp-content\/uploads\/elementor\/thumbs\/PoliceNationale-V-RVB-r5g3aw4uwouvyfhfzrxfjkmilghdi5uds3p1iymtfs.png"},{"@type":"BreadcrumbList","@id":"https:\/\/quaisdupolar.com\/en\/the-festival\/literary-prizes\/prix-court-polar-police-nationale-quais-du-polar\/#breadcrumb","itemListElement":[{"@type":"ListItem","position":1,"name":"Home","item":"https:\/\/quaisdupolar.com\/en\/"},{"@type":"ListItem","position":2,"name":"The festival","item":"https:\/\/quaisdupolar.com\/en\/the-festival\/"},{"@type":"ListItem","position":3,"name":"Literary awards","item":"https:\/\/quaisdupolar.com\/en\/the-festival\/literary-prizes\/"},{"@type":"ListItem","position":4,"name":"Short Crime Story Award"}]},{"@type":"WebSite","@id":"https:\/\/quaisdupolar.com\/en\/#website","url":"https:\/\/quaisdupolar.com\/en\/","name":"Quais du Polar","description":"","publisher":{"@id":"https:\/\/quaisdupolar.com\/en\/#organization"},"potentialAction":[{"@type":"SearchAction","target":{"@type":"EntryPoint","urlTemplate":"https:\/\/quaisdupolar.com\/en\/?s={search_term_string}"},"query-input":{"@type":"PropertyValueSpecification","valueRequired":true,"valueName":"search_term_string"}}],"inLanguage":"en-US"},{"@type":"Organization","@id":"https:\/\/quaisdupolar.com\/en\/#organization","name":"Quais du Polar","url":"https:\/\/quaisdupolar.com\/en\/","logo":{"@type":"ImageObject","inLanguage":"en-US","@id":"https:\/\/quaisdupolar.com\/en\/#\/schema\/logo\/image\/","url":"https:\/\/quaisdupolar.com\/wp-content\/uploads\/2024\/08\/logo-quais-50.png","contentUrl":"https:\/\/quaisdupolar.com\/wp-content\/uploads\/2024\/08\/logo-quais-50.png","width":428,"height":179,"caption":"Quais du Polar"},"image":{"@id":"https:\/\/quaisdupolar.com\/en\/#\/schema\/logo\/image\/"},"sameAs":["https:\/\/www.facebook.com\/quaisdupolar\/","https:\/\/x.com\/QuaisPolar","https:\/\/www.instagram.com\/quais_polar\/"]}]}},"_links":{"self":[{"href":"https:\/\/quaisdupolar.com\/en\/wp-json\/wp\/v2\/pages\/14644","targetHints":{"allow":["GET"]}}],"collection":[{"href":"https:\/\/quaisdupolar.com\/en\/wp-json\/wp\/v2\/pages"}],"about":[{"href":"https:\/\/quaisdupolar.com\/en\/wp-json\/wp\/v2\/types\/page"}],"author":[{"embeddable":true,"href":"https:\/\/quaisdupolar.com\/en\/wp-json\/wp\/v2\/users\/6"}],"replies":[{"embeddable":true,"href":"https:\/\/quaisdupolar.com\/en\/wp-json\/wp\/v2\/comments?post=14644"}],"version-history":[{"count":3,"href":"https:\/\/quaisdupolar.com\/en\/wp-json\/wp\/v2\/pages\/14644\/revisions"}],"predecessor-version":[{"id":19455,"href":"https:\/\/quaisdupolar.com\/en\/wp-json\/wp\/v2\/pages\/14644\/revisions\/19455"}],"up":[{"embeddable":true,"href":"https:\/\/quaisdupolar.com\/en\/wp-json\/wp\/v2\/pages\/5122"}],"wp:attachment":[{"href":"https:\/\/quaisdupolar.com\/en\/wp-json\/wp\/v2\/media?parent=14644"}],"curies":[{"name":"wp","href":"https:\/\/api.w.org\/{rel}","templated":true}]}}