{"id":19384,"date":"2025-05-14T12:03:58","date_gmt":"2025-05-14T10:03:58","guid":{"rendered":"https:\/\/quaisdupolar.com\/?page_id=19384"},"modified":"2025-05-14T12:12:24","modified_gmt":"2025-05-14T10:12:24","slug":"polar-en-vacances","status":"publish","type":"page","link":"https:\/\/quaisdupolar.com\/en\/polar-en-vacances\/","title":{"rendered":"Polar en vacances"},"content":{"rendered":"\t\t<div data-elementor-type=\"wp-page\" data-elementor-id=\"19384\" class=\"elementor elementor-19384\" data-elementor-post-type=\"page\">\n\t\t\t\t<div class=\"elementor-element elementor-element-a5d5415 e-flex e-con-boxed e-con e-parent\" data-id=\"a5d5415\" data-element_type=\"container\" data-e-type=\"container\">\n\t\t\t\t\t<div class=\"e-con-inner\">\n\t\t\t\t<div class=\"elementor-element elementor-element-0275636 elementor-widget__width-initial elementor-widget elementor-widget-text-editor\" data-id=\"0275636\" data-element_type=\"widget\" data-e-type=\"widget\" data-widget_type=\"text-editor.default\">\n\t\t\t\t<div class=\"elementor-widget-container\">\n\t\t\t\t\t\t\t\t\t<p><span style=\"color: #000000;\"><strong>Quais du Polar&#8217;s traditional children&#8217;s event in July, Polar en Vacances, aims to promote reading among children aged 6 to 12!<\/strong> <\/span><\/p><p><span style=\"color: #000000;\">This free youth festival is part of the Partir en Livre (CNL), \u00c9t\u00e9 culturel (DRAC Auvergne-Rh\u00f4ne-Alpes) and Tout l&#8217;Monde dehors (Ville de Lyon) programs. Quais du Polar brings together young and old thriller readers, local leisure centers and families, for writing, illustration and\/or decoupage workshops, events, games and puzzles to gather people around literature.<\/span><\/p><p><span style=\"color: #000000;\">You want to know more about it ? Contact us at polarenvacances@quaisdupolar.com<\/span><\/p>\t\t\t\t\t\t\t\t<\/div>\n\t\t\t\t<\/div>\n\t\t\t\t\t<\/div>\n\t\t\t\t<\/div>\n\t\t\t\t<\/div>\n\t\t","protected":false},"excerpt":{"rendered":"<p>Quais du Polar&#8217;s traditional children&#8217;s event in July, Polar en Vacances, aims to promote reading among children aged 6 to 12! This free youth festival is part of the Partir en Livre (CNL), \u00c9t\u00e9 culturel (DRAC Auvergne-Rh\u00f4ne-Alpes) and Tout l&#8217;Monde dehors (Ville de Lyon) programs. Quais du Polar brings together young and old thriller readers, [&hellip;]<\/p>\n","protected":false},"author":5,"featured_media":19140,"parent":0,"menu_order":0,"comment_status":"closed","ping_status":"closed","template":"","meta":{"_acf_changed":false,"footnotes":""},"class_list":["post-19384","page","type-page","status-publish","has-post-thumbnail","hentry"],"acf":[],"yoast_head":"<!-- This site is optimized with the Yoast SEO plugin v27.1.1 - https:\/\/yoast.com\/product\/yoast-seo-wordpress\/ -->\n<title>Polar en vacances - Quais du polar<\/title>\n<meta name=\"robots\" content=\"index, follow, max-snippet:-1, max-image-preview:large, max-video-preview:-1\" \/>\n<link rel=\"canonical\" href=\"https:\/\/quaisdupolar.com\/en\/polar-en-vacances\/\" \/>\n<meta property=\"og:locale\" content=\"en_US\" \/>\n<meta property=\"og:type\" content=\"article\" \/>\n<meta property=\"og:title\" content=\"Polar en vacances - Quais du polar\" \/>\n<meta property=\"og:description\" content=\"Quais du Polar&#8217;s traditional children&#8217;s event in July, Polar en Vacances, aims to promote reading among children aged 6 to 12! This free youth festival is part of the Partir en Livre (CNL), \u00c9t\u00e9 culturel (DRAC Auvergne-Rh\u00f4ne-Alpes) and Tout l&#8217;Monde dehors (Ville de Lyon) programs. Quais du Polar brings together young and old thriller readers, [&hellip;]\" \/>\n<meta property=\"og:url\" content=\"https:\/\/quaisdupolar.com\/en\/polar-en-vacances\/\" \/>\n<meta property=\"og:site_name\" content=\"Quais du polar\" \/>\n<meta property=\"article:publisher\" content=\"https:\/\/www.facebook.com\/quaisdupolar\/\" \/>\n<meta property=\"article:modified_time\" content=\"2025-05-14T10:12:24+00:00\" \/>\n<meta property=\"og:image\" content=\"https:\/\/quaisdupolar.com\/wp-content\/uploads\/2025\/04\/PEV_Banniere.jpg\" \/>\n\t<meta property=\"og:image:width\" content=\"2500\" \/>\n\t<meta property=\"og:image:height\" content=\"798\" \/>\n\t<meta property=\"og:image:type\" content=\"image\/jpeg\" \/>\n<meta name=\"twitter:card\" content=\"summary_large_image\" \/>\n<meta name=\"twitter:site\" content=\"@QuaisPolar\" \/>\n<meta name=\"twitter:label1\" content=\"Est. reading time\" \/>\n\t<meta name=\"twitter:data1\" content=\"1 minute\" \/>\n<script type=\"application\/ld+json\" class=\"yoast-schema-graph\">{\"@context\":\"https:\/\/schema.org\",\"@graph\":[{\"@type\":\"WebPage\",\"@id\":\"https:\/\/quaisdupolar.com\/en\/polar-en-vacances\/\",\"url\":\"https:\/\/quaisdupolar.com\/en\/polar-en-vacances\/\",\"name\":\"Polar en vacances - Quais du polar\",\"isPartOf\":{\"@id\":\"https:\/\/quaisdupolar.com\/en\/#website\"},\"primaryImageOfPage\":{\"@id\":\"https:\/\/quaisdupolar.com\/en\/polar-en-vacances\/#primaryimage\"},\"image\":{\"@id\":\"https:\/\/quaisdupolar.com\/en\/polar-en-vacances\/#primaryimage\"},\"thumbnailUrl\":\"https:\/\/quaisdupolar.com\/wp-content\/uploads\/2025\/04\/PEV_Banniere.jpg\",\"datePublished\":\"2025-05-14T10:03:58+00:00\",\"dateModified\":\"2025-05-14T10:12:24+00:00\",\"breadcrumb\":{\"@id\":\"https:\/\/quaisdupolar.com\/en\/polar-en-vacances\/#breadcrumb\"},\"inLanguage\":\"en-US\",\"potentialAction\":[{\"@type\":\"ReadAction\",\"target\":[\"https:\/\/quaisdupolar.com\/en\/polar-en-vacances\/\"]}]},{\"@type\":\"ImageObject\",\"inLanguage\":\"en-US\",\"@id\":\"https:\/\/quaisdupolar.com\/en\/polar-en-vacances\/#primaryimage\",\"url\":\"https:\/\/quaisdupolar.com\/wp-content\/uploads\/2025\/04\/PEV_Banniere.jpg\",\"contentUrl\":\"https:\/\/quaisdupolar.com\/wp-content\/uploads\/2025\/04\/PEV_Banniere.jpg\",\"width\":2500,\"height\":798},{\"@type\":\"BreadcrumbList\",\"@id\":\"https:\/\/quaisdupolar.com\/en\/polar-en-vacances\/#breadcrumb\",\"itemListElement\":[{\"@type\":\"ListItem\",\"position\":1,\"name\":\"Home\",\"item\":\"https:\/\/quaisdupolar.com\/en\/\"},{\"@type\":\"ListItem\",\"position\":2,\"name\":\"Polar en vacances\"}]},{\"@type\":\"WebSite\",\"@id\":\"https:\/\/quaisdupolar.com\/en\/#website\",\"url\":\"https:\/\/quaisdupolar.com\/en\/\",\"name\":\"Quais du Polar\",\"description\":\"\",\"publisher\":{\"@id\":\"https:\/\/quaisdupolar.com\/en\/#organization\"},\"potentialAction\":[{\"@type\":\"SearchAction\",\"target\":{\"@type\":\"EntryPoint\",\"urlTemplate\":\"https:\/\/quaisdupolar.com\/en\/?s={search_term_string}\"},\"query-input\":{\"@type\":\"PropertyValueSpecification\",\"valueRequired\":true,\"valueName\":\"search_term_string\"}}],\"inLanguage\":\"en-US\"},{\"@type\":\"Organization\",\"@id\":\"https:\/\/quaisdupolar.com\/en\/#organization\",\"name\":\"Quais du Polar\",\"url\":\"https:\/\/quaisdupolar.com\/en\/\",\"logo\":{\"@type\":\"ImageObject\",\"inLanguage\":\"en-US\",\"@id\":\"https:\/\/quaisdupolar.com\/en\/#\/schema\/logo\/image\/\",\"url\":\"https:\/\/quaisdupolar.com\/wp-content\/uploads\/2024\/08\/logo-quais-50.png\",\"contentUrl\":\"https:\/\/quaisdupolar.com\/wp-content\/uploads\/2024\/08\/logo-quais-50.png\",\"width\":428,\"height\":179,\"caption\":\"Quais du Polar\"},\"image\":{\"@id\":\"https:\/\/quaisdupolar.com\/en\/#\/schema\/logo\/image\/\"},\"sameAs\":[\"https:\/\/www.facebook.com\/quaisdupolar\/\",\"https:\/\/x.com\/QuaisPolar\",\"https:\/\/www.instagram.com\/quais_polar\/\"]}]}<\/script>\n<!-- \/ Yoast SEO plugin. -->","yoast_head_json":{"title":"Polar en vacances - Quais du polar","robots":{"index":"index","follow":"follow","max-snippet":"max-snippet:-1","max-image-preview":"max-image-preview:large","max-video-preview":"max-video-preview:-1"},"canonical":"https:\/\/quaisdupolar.com\/en\/polar-en-vacances\/","og_locale":"en_US","og_type":"article","og_title":"Polar en vacances - Quais du polar","og_description":"Quais du Polar&#8217;s traditional children&#8217;s event in July, Polar en Vacances, aims to promote reading among children aged 6 to 12! This free youth festival is part of the Partir en Livre (CNL), \u00c9t\u00e9 culturel (DRAC Auvergne-Rh\u00f4ne-Alpes) and Tout l&#8217;Monde dehors (Ville de Lyon) programs. Quais du Polar brings together young and old thriller readers, [&hellip;]","og_url":"https:\/\/quaisdupolar.com\/en\/polar-en-vacances\/","og_site_name":"Quais du polar","article_publisher":"https:\/\/www.facebook.com\/quaisdupolar\/","article_modified_time":"2025-05-14T10:12:24+00:00","og_image":[{"width":2500,"height":798,"url":"https:\/\/quaisdupolar.com\/wp-content\/uploads\/2025\/04\/PEV_Banniere.jpg","type":"image\/jpeg"}],"twitter_card":"summary_large_image","twitter_site":"@QuaisPolar","twitter_misc":{"Est. reading time":"1 minute"},"schema":{"@context":"https:\/\/schema.org","@graph":[{"@type":"WebPage","@id":"https:\/\/quaisdupolar.com\/en\/polar-en-vacances\/","url":"https:\/\/quaisdupolar.com\/en\/polar-en-vacances\/","name":"Polar en vacances - Quais du polar","isPartOf":{"@id":"https:\/\/quaisdupolar.com\/en\/#website"},"primaryImageOfPage":{"@id":"https:\/\/quaisdupolar.com\/en\/polar-en-vacances\/#primaryimage"},"image":{"@id":"https:\/\/quaisdupolar.com\/en\/polar-en-vacances\/#primaryimage"},"thumbnailUrl":"https:\/\/quaisdupolar.com\/wp-content\/uploads\/2025\/04\/PEV_Banniere.jpg","datePublished":"2025-05-14T10:03:58+00:00","dateModified":"2025-05-14T10:12:24+00:00","breadcrumb":{"@id":"https:\/\/quaisdupolar.com\/en\/polar-en-vacances\/#breadcrumb"},"inLanguage":"en-US","potentialAction":[{"@type":"ReadAction","target":["https:\/\/quaisdupolar.com\/en\/polar-en-vacances\/"]}]},{"@type":"ImageObject","inLanguage":"en-US","@id":"https:\/\/quaisdupolar.com\/en\/polar-en-vacances\/#primaryimage","url":"https:\/\/quaisdupolar.com\/wp-content\/uploads\/2025\/04\/PEV_Banniere.jpg","contentUrl":"https:\/\/quaisdupolar.com\/wp-content\/uploads\/2025\/04\/PEV_Banniere.jpg","width":2500,"height":798},{"@type":"BreadcrumbList","@id":"https:\/\/quaisdupolar.com\/en\/polar-en-vacances\/#breadcrumb","itemListElement":[{"@type":"ListItem","position":1,"name":"Home","item":"https:\/\/quaisdupolar.com\/en\/"},{"@type":"ListItem","position":2,"name":"Polar en vacances"}]},{"@type":"WebSite","@id":"https:\/\/quaisdupolar.com\/en\/#website","url":"https:\/\/quaisdupolar.com\/en\/","name":"Quais du Polar","description":"","publisher":{"@id":"https:\/\/quaisdupolar.com\/en\/#organization"},"potentialAction":[{"@type":"SearchAction","target":{"@type":"EntryPoint","urlTemplate":"https:\/\/quaisdupolar.com\/en\/?s={search_term_string}"},"query-input":{"@type":"PropertyValueSpecification","valueRequired":true,"valueName":"search_term_string"}}],"inLanguage":"en-US"},{"@type":"Organization","@id":"https:\/\/quaisdupolar.com\/en\/#organization","name":"Quais du Polar","url":"https:\/\/quaisdupolar.com\/en\/","logo":{"@type":"ImageObject","inLanguage":"en-US","@id":"https:\/\/quaisdupolar.com\/en\/#\/schema\/logo\/image\/","url":"https:\/\/quaisdupolar.com\/wp-content\/uploads\/2024\/08\/logo-quais-50.png","contentUrl":"https:\/\/quaisdupolar.com\/wp-content\/uploads\/2024\/08\/logo-quais-50.png","width":428,"height":179,"caption":"Quais du Polar"},"image":{"@id":"https:\/\/quaisdupolar.com\/en\/#\/schema\/logo\/image\/"},"sameAs":["https:\/\/www.facebook.com\/quaisdupolar\/","https:\/\/x.com\/QuaisPolar","https:\/\/www.instagram.com\/quais_polar\/"]}]}},"_links":{"self":[{"href":"https:\/\/quaisdupolar.com\/en\/wp-json\/wp\/v2\/pages\/19384","targetHints":{"allow":["GET"]}}],"collection":[{"href":"https:\/\/quaisdupolar.com\/en\/wp-json\/wp\/v2\/pages"}],"about":[{"href":"https:\/\/quaisdupolar.com\/en\/wp-json\/wp\/v2\/types\/page"}],"author":[{"embeddable":true,"href":"https:\/\/quaisdupolar.com\/en\/wp-json\/wp\/v2\/users\/5"}],"replies":[{"embeddable":true,"href":"https:\/\/quaisdupolar.com\/en\/wp-json\/wp\/v2\/comments?post=19384"}],"version-history":[{"count":3,"href":"https:\/\/quaisdupolar.com\/en\/wp-json\/wp\/v2\/pages\/19384\/revisions"}],"predecessor-version":[{"id":19394,"href":"https:\/\/quaisdupolar.com\/en\/wp-json\/wp\/v2\/pages\/19384\/revisions\/19394"}],"wp:featuredmedia":[{"embeddable":true,"href":"https:\/\/quaisdupolar.com\/en\/wp-json\/wp\/v2\/media\/19140"}],"wp:attachment":[{"href":"https:\/\/quaisdupolar.com\/en\/wp-json\/wp\/v2\/media?parent=19384"}],"curies":[{"name":"wp","href":"https:\/\/api.w.org\/{rel}","templated":true}]}}