{"id":21453,"date":"2024-12-11T12:23:11","date_gmt":"2024-12-11T11:23:11","guid":{"rendered":"https:\/\/quaisdupolar.com\/the-festival\/literary-prizes\/short-polar-prize-national-police-quais-du-polar\/"},"modified":"2025-12-17T14:55:30","modified_gmt":"2025-12-17T13:55:30","slug":"short-polar-prize-national-police-quais-du-polar","status":"publish","type":"page","link":"https:\/\/quaisdupolar.com\/en\/the-festival\/literary-prizes\/short-polar-prize-national-police-quais-du-polar\/","title":{"rendered":"Short Polar Prize National Police \/ Quais du Polar."},"content":{"rendered":"\t\t<div data-elementor-type=\"wp-page\" data-elementor-id=\"21453\" class=\"elementor elementor-21453 elementor-14454\" data-elementor-post-type=\"page\">\n\t\t\t\t\t\t<section class=\"elementor-section elementor-top-section elementor-element elementor-element-dbae5a0 elementor-section-boxed elementor-section-height-default elementor-section-height-default\" data-id=\"dbae5a0\" data-element_type=\"section\" data-e-type=\"section\">\n\t\t\t\t\t\t<div class=\"elementor-container elementor-column-gap-default\">\n\t\t\t\t\t<div class=\"elementor-column elementor-col-100 elementor-top-column elementor-element elementor-element-59ff14c\" data-id=\"59ff14c\" data-element_type=\"column\" data-e-type=\"column\">\n\t\t\t<div class=\"elementor-widget-wrap elementor-element-populated\">\n\t\t\t\t\t\t<div class=\"elementor-element elementor-element-cb9db4b elementor-widget elementor-widget-heading\" data-id=\"cb9db4b\" data-element_type=\"widget\" data-e-type=\"widget\" data-widget_type=\"heading.default\">\n\t\t\t\t<div class=\"elementor-widget-container\">\n\t\t\t\t\t<h2 class=\"elementor-heading-title elementor-size-default\">Short crime novel, 2nd edition<\/h2>\t\t\t\t<\/div>\n\t\t\t\t<\/div>\n\t\t\t\t<div class=\"elementor-element elementor-element-3ed039b elementor-widget elementor-widget-text-editor\" data-id=\"3ed039b\" data-element_type=\"widget\" data-e-type=\"widget\" data-widget_type=\"text-editor.default\">\n\t\t\t\t<div class=\"elementor-widget-container\">\n\t\t\t\t\t\t\t\t\t<p><span style=\"font-weight: 400;\"><strong>For the second consecutive year, Quais du polar and the <a href=\"https:\/\/www.police-nationale.interieur.gouv.fr\" target=\"_blank\" rel=\"noopener\">Police Nationale<\/a> have joined forces to organise a short story competition for secondary school pupils: the Court Polar prize. Aimed at 15 to 18-year-olds, this free competition seeks to promote the creative talents of the younger generation in the field of French-language literature and to promote the crime fiction genre.<\/strong><\/span><\/p><p><span style=\"font-weight: 400;\">D\u00e9sign\u00e9es par un jury de professionnels (compos\u00e9 de repr\u00e9sentants de Quais du Polar, de criminologues, d\u2019auteurs, de YouTubeurs sp\u00e9cialis\u00e9s dans le True Crime, de journalistes, de sc\u00e9naristes et d\u2019\u00e9diteurs), les<\/span><span> The winning short stories will be promoted on the social media accounts of the French National Police and Quais du Polar. The winners will also receive a selection of crime novels and the chance to experience exclusive immersions in prestigious departments of the institution, such as the <a href=\"https:\/\/www.police-nationale.interieur.gouv.fr\/nous-decouvrir\/notre-organisation\/organisation\/service-national-de-police-scientifique-snps\" title=\"Lien externe - service national de la police scientifique - Dans un nouvel onglet\" target=\"_blank\" rel=\"noopener\">service national de la police scientifique<\/a><span> or the <\/span><a href=\"https:\/\/www.police-nationale.interieur.gouv.fr\/nous-decouvrir\/notre-organisation\/organisation\/raid-recherche-assistance-intervention-dissuasion\" title=\"Lien externe - RAID - Dans un nouvel onglet\" target=\"_blank\" rel=\"noopener\">RAID<\/a>. <\/span><\/p><p>Candidates may compete in only one of the following categories:<br>\u2022 The \u2018individual\u2019 category will reward a \u2018short crime novel\u2019 written by a single candidate.<br>\u2022 The \u2018collective work\u2019 category will reward a \u2018short crime novel\u2019 written by several candidates.<\/p>\t\t\t\t\t\t\t\t<\/div>\n\t\t\t\t<\/div>\n\t\t\t\t<div class=\"elementor-element elementor-element-a25d57e elementor-widget elementor-widget-text-editor\" data-id=\"a25d57e\" data-element_type=\"widget\" data-e-type=\"widget\" data-widget_type=\"text-editor.default\">\n\t\t\t\t<div class=\"elementor-widget-container\">\n\t\t\t\t\t\t\t\t\t<p><strong>THE RULES<\/strong><\/p><ul><li>The short story should be between 5 and 10 pages long.<\/li><li>The short story should feature a police officer and be full of suspense and twists and turns.<\/li><li>The text may be written individually or in groups.<\/li><li>The text must be written in French.<\/li><li>The text must not be of a nature that disparages the national police force or contain insulting or defamatory remarks about the institution.<\/li><li>The text must be apolitical and must not promote racism, anti-Semitism or hatred of minorities of any kind.<\/li><\/ul><p>Find on <a href=\"https:\/\/www.police-nationale.interieur.gouv.fr\/actualite\/2e-edition-du-court-polar-prix-litteraire-des-lyceens\" target=\"_blank\" rel=\"noopener\">the website of the Police Nationale<\/a> the complete competition rules.<\/p>\t\t\t\t\t\t\t\t<\/div>\n\t\t\t\t<\/div>\n\t\t\t\t<div class=\"elementor-element elementor-element-0e4f2c6 elementor-widget elementor-widget-text-editor\" data-id=\"0e4f2c6\" data-element_type=\"widget\" data-e-type=\"widget\" data-widget_type=\"text-editor.default\">\n\t\t\t\t<div class=\"elementor-widget-container\">\n\t\t\t\t\t\t\t\t\t<p><strong>PRACTICAL DETAILS<\/strong><\/p><ul><li>20 January 2026 (before midnight): deadline for submitting the registration form to <a href=\"mailto:courtpolar@interieur.gouv.fr\" target=\"_blank\" rel=\"noopener\">courtpolar@interieur.gouv.fr<br><\/a><\/li><li>30 January 2026 (before midnight): deadline for submitting news items<\/li><li>March 2026: deliberation by the jury and notification of the results to the winners so that they can organise their attendance at the festival<\/li><li>3\u20135 April 2026: Quais du polar festival in Lyon and awards ceremony on Friday 3 April.<\/li><\/ul>\t\t\t\t\t\t\t\t<\/div>\n\t\t\t\t<\/div>\n\t\t\t\t<div class=\"elementor-element elementor-element-39b73ee elementor-align-center elementor-mobile-align-center elementor-widget__width-initial elementor-widget-mobile__width-inherit elementor-widget elementor-widget-button\" data-id=\"39b73ee\" data-element_type=\"widget\" data-e-type=\"widget\" data-widget_type=\"button.default\">\n\t\t\t\t<div class=\"elementor-widget-container\">\n\t\t\t\t\t\t\t\t\t<div class=\"elementor-button-wrapper\">\n\t\t\t\t\t<a class=\"elementor-button elementor-button-link elementor-size-sm\" href=\"https:\/\/quaisdupolar.com\/wp-content\/uploads\/2025\/09\/Court-polar-2e-edition-reglement.pdf\" target=\"_blank\">\n\t\t\t\t\t\t<span class=\"elementor-button-content-wrapper\">\n\t\t\t\t\t\t<span class=\"elementor-button-icon\">\n\t\t\t\t<svg aria-hidden=\"true\" class=\"e-font-icon-svg e-far-arrow-alt-circle-down\" viewBox=\"0 0 512 512\" xmlns=\"http:\/\/www.w3.org\/2000\/svg\"><path d=\"M256 8C119 8 8 119 8 256s111 248 248 248 248-111 248-248S393 8 256 8zm0 448c-110.5 0-200-89.5-200-200S145.5 56 256 56s200 89.5 200 200-89.5 200-200 200zm-32-316v116h-67c-10.7 0-16 12.9-8.5 20.5l99 99c4.7 4.7 12.3 4.7 17 0l99-99c7.6-7.6 2.2-20.5-8.5-20.5h-67V140c0-6.6-5.4-12-12-12h-40c-6.6 0-12 5.4-12 12z\"><\/path><\/svg>\t\t\t<\/span>\n\t\t\t\t\t\t\t\t\t<span class=\"elementor-button-text\">Full rules<\/span>\n\t\t\t\t\t<\/span>\n\t\t\t\t\t<\/a>\n\t\t\t\t<\/div>\n\t\t\t\t\t\t\t\t<\/div>\n\t\t\t\t<\/div>\n\t\t\t\t<div class=\"elementor-element elementor-element-11a5a2e elementor-align-center elementor-widget__width-initial elementor-widget-mobile__width-inherit elementor-widget elementor-widget-button\" data-id=\"11a5a2e\" data-element_type=\"widget\" data-e-type=\"widget\" data-widget_type=\"button.default\">\n\t\t\t\t<div class=\"elementor-widget-container\">\n\t\t\t\t\t\t\t\t\t<div class=\"elementor-button-wrapper\">\n\t\t\t\t\t<a class=\"elementor-button elementor-button-link elementor-size-sm\" href=\"https:\/\/quaisdupolar.com\/wp-content\/uploads\/2025\/09\/Court-polar-2e-edition-formulaire-inscription.pdf\" target=\"_blank\">\n\t\t\t\t\t\t<span class=\"elementor-button-content-wrapper\">\n\t\t\t\t\t\t<span class=\"elementor-button-icon\">\n\t\t\t\t<svg aria-hidden=\"true\" class=\"e-font-icon-svg e-far-arrow-alt-circle-down\" viewBox=\"0 0 512 512\" xmlns=\"http:\/\/www.w3.org\/2000\/svg\"><path d=\"M256 8C119 8 8 119 8 256s111 248 248 248 248-111 248-248S393 8 256 8zm0 448c-110.5 0-200-89.5-200-200S145.5 56 256 56s200 89.5 200 200-89.5 200-200 200zm-32-316v116h-67c-10.7 0-16 12.9-8.5 20.5l99 99c4.7 4.7 12.3 4.7 17 0l99-99c7.6-7.6 2.2-20.5-8.5-20.5h-67V140c0-6.6-5.4-12-12-12h-40c-6.6 0-12 5.4-12 12z\"><\/path><\/svg>\t\t\t<\/span>\n\t\t\t\t\t\t\t\t\t<span class=\"elementor-button-text\">Registration form<\/span>\n\t\t\t\t\t<\/span>\n\t\t\t\t\t<\/a>\n\t\t\t\t<\/div>\n\t\t\t\t\t\t\t\t<\/div>\n\t\t\t\t<\/div>\n\t\t\t\t<div class=\"elementor-element elementor-element-bd04947 elementor-align-center elementor-mobile-align-center elementor-widget__width-initial elementor-widget-mobile__width-inherit elementor-widget elementor-widget-button\" data-id=\"bd04947\" data-element_type=\"widget\" data-e-type=\"widget\" data-widget_type=\"button.default\">\n\t\t\t\t<div class=\"elementor-widget-container\">\n\t\t\t\t\t\t\t\t\t<div class=\"elementor-button-wrapper\">\n\t\t\t\t\t<a class=\"elementor-button elementor-button-link elementor-size-sm\" href=\"https:\/\/quaisdupolar.com\/wp-content\/uploads\/2025\/09\/Court-polar-2e-edition-presentation-jury.pdf\" target=\"_blank\">\n\t\t\t\t\t\t<span class=\"elementor-button-content-wrapper\">\n\t\t\t\t\t\t<span class=\"elementor-button-icon\">\n\t\t\t\t<svg aria-hidden=\"true\" class=\"e-font-icon-svg e-far-arrow-alt-circle-down\" viewBox=\"0 0 512 512\" xmlns=\"http:\/\/www.w3.org\/2000\/svg\"><path d=\"M256 8C119 8 8 119 8 256s111 248 248 248 248-111 248-248S393 8 256 8zm0 448c-110.5 0-200-89.5-200-200S145.5 56 256 56s200 89.5 200 200-89.5 200-200 200zm-32-316v116h-67c-10.7 0-16 12.9-8.5 20.5l99 99c4.7 4.7 12.3 4.7 17 0l99-99c7.6-7.6 2.2-20.5-8.5-20.5h-67V140c0-6.6-5.4-12-12-12h-40c-6.6 0-12 5.4-12 12z\"><\/path><\/svg>\t\t\t<\/span>\n\t\t\t\t\t\t\t\t\t<span class=\"elementor-button-text\">Presentation of the jury<\/span>\n\t\t\t\t\t<\/span>\n\t\t\t\t\t<\/a>\n\t\t\t\t<\/div>\n\t\t\t\t\t\t\t\t<\/div>\n\t\t\t\t<\/div>\n\t\t\t\t<div class=\"elementor-element elementor-element-eb514bb elementor-widget elementor-widget-spacer\" data-id=\"eb514bb\" data-element_type=\"widget\" data-e-type=\"widget\" data-widget_type=\"spacer.default\">\n\t\t\t\t<div class=\"elementor-widget-container\">\n\t\t\t\t\t\t\t<div class=\"elementor-spacer\">\n\t\t\t<div class=\"elementor-spacer-inner\"><\/div>\n\t\t<\/div>\n\t\t\t\t\t\t<\/div>\n\t\t\t\t<\/div>\n\t\t\t\t<div class=\"elementor-element elementor-element-1a6dd5c elementor-widget elementor-widget-heading\" data-id=\"1a6dd5c\" data-element_type=\"widget\" data-e-type=\"widget\" data-widget_type=\"heading.default\">\n\t\t\t\t<div class=\"elementor-widget-container\">\n\t\t\t\t\t<h2 class=\"elementor-heading-title elementor-size-default\">Previous winners<\/h2>\t\t\t\t<\/div>\n\t\t\t\t<\/div>\n\t\t\t\t<div class=\"elementor-element elementor-element-2c869db elementor-widget elementor-widget-text-editor\" data-id=\"2c869db\" data-element_type=\"widget\" data-e-type=\"widget\" data-widget_type=\"text-editor.default\">\n\t\t\t\t<div class=\"elementor-widget-container\">\n\t\t\t\t\t\t\t\t\t<p><a href=\"https:\/\/quaisdupolar.com\/wp-content\/uploads\/2025\/09\/Nouvelles-laureates-edition-2025-court-polar.pdf\" target=\"_blank\" rel=\"noopener\">Court Polar #1 (2025)<\/a> : <strong>Prix de l&#8217;\u00e9criture<\/strong> &#8211; <em>La Valse de Kitsune<\/em>, de Marin Gerner (en seconde \u00e0 Strasbourg) \/<strong> Prix de l&#8217;intrigue<\/strong> &#8211; <em>Le Soldat de plomb<\/em>, de Rapha\u00eblle Arnaud (en seconde \u00e0 Grenoble) \/ <strong>Prix du frisson<\/strong> &#8211; <em>La Salle du pendu<\/em>, \u00e9crit par la classe de seconde de Mme Sylvia Bienaim\u00e9 Turchi (lyc\u00e9e Albert Ch\u00e2telet \u00e0 Douai) \/ <strong>Prix coup de c\u0153ur<\/strong> &#8211; <em>L\u2019Innocence entach\u00e9e<\/em>, de Margot Larrieu (en seconde \u00e0 Rumily).<\/p>\t\t\t\t\t\t\t\t<\/div>\n\t\t\t\t<\/div>\n\t\t\t\t\t<\/div>\n\t\t<\/div>\n\t\t\t\t\t<\/div>\n\t\t<\/section>\n\t\t<div class=\"elementor-element elementor-element-12933cb e-con-full e-flex e-con e-parent\" data-id=\"12933cb\" data-element_type=\"container\" data-e-type=\"container\">\n\t\t\t\t<div class=\"elementor-element elementor-element-4eae4bf elementor-widget elementor-widget-spacer\" data-id=\"4eae4bf\" data-element_type=\"widget\" data-e-type=\"widget\" data-widget_type=\"spacer.default\">\n\t\t\t\t<div class=\"elementor-widget-container\">\n\t\t\t\t\t\t\t<div class=\"elementor-spacer\">\n\t\t\t<div class=\"elementor-spacer-inner\"><\/div>\n\t\t<\/div>\n\t\t\t\t\t\t<\/div>\n\t\t\t\t<\/div>\n\t\t\t\t<div class=\"elementor-element elementor-element-83fe579 elementor-widget elementor-widget-image\" data-id=\"83fe579\" data-element_type=\"widget\" data-e-type=\"widget\" data-widget_type=\"image.default\">\n\t\t\t\t<div class=\"elementor-widget-container\">\n\t\t\t\t\t\t\t\t\t\t\t\t\t\t\t<img decoding=\"async\" src=\"https:\/\/quaisdupolar.com\/wp-content\/smush-avif\/elementor\/thumbs\/PoliceNationale-V-RVB-r5g3aw4uwouvyfhfzrxfjkmilghdi5uds3p1iymtfs.png.avif\" title=\"PoliceNationale-V-RVB\" alt=\"PoliceNationale-V-RVB\" loading=\"lazy\" \/>\t\t\t\t\t\t\t\t\t\t\t\t\t\t\t<\/div>\n\t\t\t\t<\/div>\n\t\t\t\t<\/div>\n\t\t\t\t<\/div>\n\t\t","protected":false},"excerpt":{"rendered":"<p>Short crime novel, 2nd edition For the second consecutive year, Quais du polar and the Police Nationale have joined forces to organise a short story competition for secondary school pupils: the Court Polar prize. Aimed at 15 to 18-year-olds, this free competition seeks to promote the creative talents of the younger generation in the field [&hellip;]<\/p>\n","protected":false},"author":1,"featured_media":0,"parent":5122,"menu_order":33,"comment_status":"closed","ping_status":"closed","template":"","meta":{"_acf_changed":false,"footnotes":""},"class_list":["post-21453","page","type-page","status-publish","hentry"],"acf":[],"yoast_head":"<!-- This site is optimized with the Yoast SEO plugin v27.1.1 - https:\/\/yoast.com\/product\/yoast-seo-wordpress\/ -->\n<title>Short Polar Prize National Police \/ Quais du Polar. - Quais du polar<\/title>\n<meta name=\"robots\" content=\"index, follow, max-snippet:-1, max-image-preview:large, max-video-preview:-1\" \/>\n<link rel=\"canonical\" href=\"https:\/\/quaisdupolar.com\/en\/the-festival\/literary-prizes\/short-polar-prize-national-police-quais-du-polar\/\" \/>\n<meta property=\"og:locale\" content=\"en_US\" \/>\n<meta property=\"og:type\" content=\"article\" \/>\n<meta property=\"og:title\" content=\"Short Polar Prize National Police \/ Quais du Polar. - Quais du polar\" \/>\n<meta property=\"og:description\" content=\"Short crime novel, 2nd edition For the second consecutive year, Quais du polar and the Police Nationale have joined forces to organise a short story competition for secondary school pupils: the Court Polar prize. Aimed at 15 to 18-year-olds, this free competition seeks to promote the creative talents of the younger generation in the field [&hellip;]\" \/>\n<meta property=\"og:url\" content=\"https:\/\/quaisdupolar.com\/en\/the-festival\/literary-prizes\/short-polar-prize-national-police-quais-du-polar\/\" \/>\n<meta property=\"og:site_name\" content=\"Quais du polar\" \/>\n<meta property=\"article:publisher\" content=\"https:\/\/www.facebook.com\/quaisdupolar\/\" \/>\n<meta property=\"article:modified_time\" content=\"2025-12-17T13:55:30+00:00\" \/>\n<meta property=\"og:image\" content=\"https:\/\/quaisdupolar.com\/wp-content\/uploads\/elementor\/thumbs\/PoliceNationale-V-RVB-r5g3aw4uwouvyfhfzrxfjkmilghdi5uds3p1iymtfs.png\" \/>\n<meta name=\"twitter:card\" content=\"summary_large_image\" \/>\n<meta name=\"twitter:site\" content=\"@QuaisPolar\" \/>\n<meta name=\"twitter:label1\" content=\"Est. reading time\" \/>\n\t<meta name=\"twitter:data1\" content=\"2 minutes\" \/>\n<script type=\"application\/ld+json\" class=\"yoast-schema-graph\">{\"@context\":\"https:\/\/schema.org\",\"@graph\":[{\"@type\":\"WebPage\",\"@id\":\"https:\/\/quaisdupolar.com\/en\/the-festival\/literary-prizes\/short-polar-prize-national-police-quais-du-polar\/\",\"url\":\"https:\/\/quaisdupolar.com\/en\/the-festival\/literary-prizes\/short-polar-prize-national-police-quais-du-polar\/\",\"name\":\"Short Polar Prize National Police \/ Quais du Polar. - Quais du polar\",\"isPartOf\":{\"@id\":\"https:\/\/quaisdupolar.com\/en\/#website\"},\"primaryImageOfPage\":{\"@id\":\"https:\/\/quaisdupolar.com\/en\/the-festival\/literary-prizes\/short-polar-prize-national-police-quais-du-polar\/#primaryimage\"},\"image\":{\"@id\":\"https:\/\/quaisdupolar.com\/en\/the-festival\/literary-prizes\/short-polar-prize-national-police-quais-du-polar\/#primaryimage\"},\"thumbnailUrl\":\"https:\/\/quaisdupolar.com\/wp-content\/uploads\/elementor\/thumbs\/PoliceNationale-V-RVB-r5g3aw4uwouvyfhfzrxfjkmilghdi5uds3p1iymtfs.png\",\"datePublished\":\"2024-12-11T11:23:11+00:00\",\"dateModified\":\"2025-12-17T13:55:30+00:00\",\"breadcrumb\":{\"@id\":\"https:\/\/quaisdupolar.com\/en\/the-festival\/literary-prizes\/short-polar-prize-national-police-quais-du-polar\/#breadcrumb\"},\"inLanguage\":\"en-US\",\"potentialAction\":[{\"@type\":\"ReadAction\",\"target\":[\"https:\/\/quaisdupolar.com\/en\/the-festival\/literary-prizes\/short-polar-prize-national-police-quais-du-polar\/\"]}]},{\"@type\":\"ImageObject\",\"inLanguage\":\"en-US\",\"@id\":\"https:\/\/quaisdupolar.com\/en\/the-festival\/literary-prizes\/short-polar-prize-national-police-quais-du-polar\/#primaryimage\",\"url\":\"https:\/\/quaisdupolar.com\/wp-content\/uploads\/elementor\/thumbs\/PoliceNationale-V-RVB-r5g3aw4uwouvyfhfzrxfjkmilghdi5uds3p1iymtfs.png\",\"contentUrl\":\"https:\/\/quaisdupolar.com\/wp-content\/uploads\/elementor\/thumbs\/PoliceNationale-V-RVB-r5g3aw4uwouvyfhfzrxfjkmilghdi5uds3p1iymtfs.png\"},{\"@type\":\"BreadcrumbList\",\"@id\":\"https:\/\/quaisdupolar.com\/en\/the-festival\/literary-prizes\/short-polar-prize-national-police-quais-du-polar\/#breadcrumb\",\"itemListElement\":[{\"@type\":\"ListItem\",\"position\":1,\"name\":\"Home\",\"item\":\"https:\/\/quaisdupolar.com\/en\/\"},{\"@type\":\"ListItem\",\"position\":2,\"name\":\"The festival\",\"item\":\"https:\/\/quaisdupolar.com\/en\/the-festival\/\"},{\"@type\":\"ListItem\",\"position\":3,\"name\":\"Literary awards\",\"item\":\"https:\/\/quaisdupolar.com\/en\/the-festival\/literary-prizes\/\"},{\"@type\":\"ListItem\",\"position\":4,\"name\":\"Short Polar Prize National Police \/ Quais du Polar.\"}]},{\"@type\":\"WebSite\",\"@id\":\"https:\/\/quaisdupolar.com\/en\/#website\",\"url\":\"https:\/\/quaisdupolar.com\/en\/\",\"name\":\"Quais du Polar\",\"description\":\"\",\"publisher\":{\"@id\":\"https:\/\/quaisdupolar.com\/en\/#organization\"},\"potentialAction\":[{\"@type\":\"SearchAction\",\"target\":{\"@type\":\"EntryPoint\",\"urlTemplate\":\"https:\/\/quaisdupolar.com\/en\/?s={search_term_string}\"},\"query-input\":{\"@type\":\"PropertyValueSpecification\",\"valueRequired\":true,\"valueName\":\"search_term_string\"}}],\"inLanguage\":\"en-US\"},{\"@type\":\"Organization\",\"@id\":\"https:\/\/quaisdupolar.com\/en\/#organization\",\"name\":\"Quais du Polar\",\"url\":\"https:\/\/quaisdupolar.com\/en\/\",\"logo\":{\"@type\":\"ImageObject\",\"inLanguage\":\"en-US\",\"@id\":\"https:\/\/quaisdupolar.com\/en\/#\/schema\/logo\/image\/\",\"url\":\"https:\/\/quaisdupolar.com\/wp-content\/uploads\/2024\/08\/logo-quais-50.png\",\"contentUrl\":\"https:\/\/quaisdupolar.com\/wp-content\/uploads\/2024\/08\/logo-quais-50.png\",\"width\":428,\"height\":179,\"caption\":\"Quais du Polar\"},\"image\":{\"@id\":\"https:\/\/quaisdupolar.com\/en\/#\/schema\/logo\/image\/\"},\"sameAs\":[\"https:\/\/www.facebook.com\/quaisdupolar\/\",\"https:\/\/x.com\/QuaisPolar\",\"https:\/\/www.instagram.com\/quais_polar\/\"]}]}<\/script>\n<!-- \/ Yoast SEO plugin. -->","yoast_head_json":{"title":"Short Polar Prize National Police \/ Quais du Polar. - Quais du polar","robots":{"index":"index","follow":"follow","max-snippet":"max-snippet:-1","max-image-preview":"max-image-preview:large","max-video-preview":"max-video-preview:-1"},"canonical":"https:\/\/quaisdupolar.com\/en\/the-festival\/literary-prizes\/short-polar-prize-national-police-quais-du-polar\/","og_locale":"en_US","og_type":"article","og_title":"Short Polar Prize National Police \/ Quais du Polar. - Quais du polar","og_description":"Short crime novel, 2nd edition For the second consecutive year, Quais du polar and the Police Nationale have joined forces to organise a short story competition for secondary school pupils: the Court Polar prize. Aimed at 15 to 18-year-olds, this free competition seeks to promote the creative talents of the younger generation in the field [&hellip;]","og_url":"https:\/\/quaisdupolar.com\/en\/the-festival\/literary-prizes\/short-polar-prize-national-police-quais-du-polar\/","og_site_name":"Quais du polar","article_publisher":"https:\/\/www.facebook.com\/quaisdupolar\/","article_modified_time":"2025-12-17T13:55:30+00:00","og_image":[{"url":"https:\/\/quaisdupolar.com\/wp-content\/uploads\/elementor\/thumbs\/PoliceNationale-V-RVB-r5g3aw4uwouvyfhfzrxfjkmilghdi5uds3p1iymtfs.png","type":"","width":"","height":""}],"twitter_card":"summary_large_image","twitter_site":"@QuaisPolar","twitter_misc":{"Est. reading time":"2 minutes"},"schema":{"@context":"https:\/\/schema.org","@graph":[{"@type":"WebPage","@id":"https:\/\/quaisdupolar.com\/en\/the-festival\/literary-prizes\/short-polar-prize-national-police-quais-du-polar\/","url":"https:\/\/quaisdupolar.com\/en\/the-festival\/literary-prizes\/short-polar-prize-national-police-quais-du-polar\/","name":"Short Polar Prize National Police \/ Quais du Polar. - Quais du polar","isPartOf":{"@id":"https:\/\/quaisdupolar.com\/en\/#website"},"primaryImageOfPage":{"@id":"https:\/\/quaisdupolar.com\/en\/the-festival\/literary-prizes\/short-polar-prize-national-police-quais-du-polar\/#primaryimage"},"image":{"@id":"https:\/\/quaisdupolar.com\/en\/the-festival\/literary-prizes\/short-polar-prize-national-police-quais-du-polar\/#primaryimage"},"thumbnailUrl":"https:\/\/quaisdupolar.com\/wp-content\/uploads\/elementor\/thumbs\/PoliceNationale-V-RVB-r5g3aw4uwouvyfhfzrxfjkmilghdi5uds3p1iymtfs.png","datePublished":"2024-12-11T11:23:11+00:00","dateModified":"2025-12-17T13:55:30+00:00","breadcrumb":{"@id":"https:\/\/quaisdupolar.com\/en\/the-festival\/literary-prizes\/short-polar-prize-national-police-quais-du-polar\/#breadcrumb"},"inLanguage":"en-US","potentialAction":[{"@type":"ReadAction","target":["https:\/\/quaisdupolar.com\/en\/the-festival\/literary-prizes\/short-polar-prize-national-police-quais-du-polar\/"]}]},{"@type":"ImageObject","inLanguage":"en-US","@id":"https:\/\/quaisdupolar.com\/en\/the-festival\/literary-prizes\/short-polar-prize-national-police-quais-du-polar\/#primaryimage","url":"https:\/\/quaisdupolar.com\/wp-content\/uploads\/elementor\/thumbs\/PoliceNationale-V-RVB-r5g3aw4uwouvyfhfzrxfjkmilghdi5uds3p1iymtfs.png","contentUrl":"https:\/\/quaisdupolar.com\/wp-content\/uploads\/elementor\/thumbs\/PoliceNationale-V-RVB-r5g3aw4uwouvyfhfzrxfjkmilghdi5uds3p1iymtfs.png"},{"@type":"BreadcrumbList","@id":"https:\/\/quaisdupolar.com\/en\/the-festival\/literary-prizes\/short-polar-prize-national-police-quais-du-polar\/#breadcrumb","itemListElement":[{"@type":"ListItem","position":1,"name":"Home","item":"https:\/\/quaisdupolar.com\/en\/"},{"@type":"ListItem","position":2,"name":"The festival","item":"https:\/\/quaisdupolar.com\/en\/the-festival\/"},{"@type":"ListItem","position":3,"name":"Literary awards","item":"https:\/\/quaisdupolar.com\/en\/the-festival\/literary-prizes\/"},{"@type":"ListItem","position":4,"name":"Short Polar Prize National Police \/ Quais du Polar."}]},{"@type":"WebSite","@id":"https:\/\/quaisdupolar.com\/en\/#website","url":"https:\/\/quaisdupolar.com\/en\/","name":"Quais du Polar","description":"","publisher":{"@id":"https:\/\/quaisdupolar.com\/en\/#organization"},"potentialAction":[{"@type":"SearchAction","target":{"@type":"EntryPoint","urlTemplate":"https:\/\/quaisdupolar.com\/en\/?s={search_term_string}"},"query-input":{"@type":"PropertyValueSpecification","valueRequired":true,"valueName":"search_term_string"}}],"inLanguage":"en-US"},{"@type":"Organization","@id":"https:\/\/quaisdupolar.com\/en\/#organization","name":"Quais du Polar","url":"https:\/\/quaisdupolar.com\/en\/","logo":{"@type":"ImageObject","inLanguage":"en-US","@id":"https:\/\/quaisdupolar.com\/en\/#\/schema\/logo\/image\/","url":"https:\/\/quaisdupolar.com\/wp-content\/uploads\/2024\/08\/logo-quais-50.png","contentUrl":"https:\/\/quaisdupolar.com\/wp-content\/uploads\/2024\/08\/logo-quais-50.png","width":428,"height":179,"caption":"Quais du Polar"},"image":{"@id":"https:\/\/quaisdupolar.com\/en\/#\/schema\/logo\/image\/"},"sameAs":["https:\/\/www.facebook.com\/quaisdupolar\/","https:\/\/x.com\/QuaisPolar","https:\/\/www.instagram.com\/quais_polar\/"]}]}},"_links":{"self":[{"href":"https:\/\/quaisdupolar.com\/en\/wp-json\/wp\/v2\/pages\/21453","targetHints":{"allow":["GET"]}}],"collection":[{"href":"https:\/\/quaisdupolar.com\/en\/wp-json\/wp\/v2\/pages"}],"about":[{"href":"https:\/\/quaisdupolar.com\/en\/wp-json\/wp\/v2\/types\/page"}],"author":[{"embeddable":true,"href":"https:\/\/quaisdupolar.com\/en\/wp-json\/wp\/v2\/users\/1"}],"replies":[{"embeddable":true,"href":"https:\/\/quaisdupolar.com\/en\/wp-json\/wp\/v2\/comments?post=21453"}],"version-history":[{"count":1,"href":"https:\/\/quaisdupolar.com\/en\/wp-json\/wp\/v2\/pages\/21453\/revisions"}],"predecessor-version":[{"id":21454,"href":"https:\/\/quaisdupolar.com\/en\/wp-json\/wp\/v2\/pages\/21453\/revisions\/21454"}],"up":[{"embeddable":true,"href":"https:\/\/quaisdupolar.com\/en\/wp-json\/wp\/v2\/pages\/5122"}],"wp:attachment":[{"href":"https:\/\/quaisdupolar.com\/en\/wp-json\/wp\/v2\/media?parent=21453"}],"curies":[{"name":"wp","href":"https:\/\/api.w.org\/{rel}","templated":true}]}}