{"id":6708,"date":"2024-09-24T16:22:53","date_gmt":"2024-09-24T14:22:53","guid":{"rendered":"https:\/\/quaisdupolar.preprod-14h28.com\/the-festival\/literary-prizes\/le-point-prize-for-european-crime-fiction\/"},"modified":"2026-01-16T11:57:20","modified_gmt":"2026-01-16T10:57:20","slug":"the-point-prize-for-european-crime-fiction","status":"publish","type":"page","link":"https:\/\/quaisdupolar.com\/en\/the-festival\/literary-prizes\/the-point-prize-for-european-crime-fiction\/","title":{"rendered":"The Point Prize for European Crime Fiction"},"content":{"rendered":"\t\t<div data-elementor-type=\"wp-page\" data-elementor-id=\"6708\" class=\"elementor elementor-6708 elementor-5828\" data-elementor-post-type=\"page\">\n\t\t\t\t\t\t<section class=\"elementor-section elementor-top-section elementor-element elementor-element-dbae5a0 elementor-section-boxed elementor-section-height-default elementor-section-height-default\" data-id=\"dbae5a0\" data-element_type=\"section\" data-e-type=\"section\">\n\t\t\t\t\t\t<div class=\"elementor-container elementor-column-gap-default\">\n\t\t\t\t\t<div class=\"elementor-column elementor-col-100 elementor-top-column elementor-element elementor-element-59ff14c\" data-id=\"59ff14c\" data-element_type=\"column\" data-e-type=\"column\">\n\t\t\t<div class=\"elementor-widget-wrap elementor-element-populated\">\n\t\t\t\t\t\t<div class=\"elementor-element elementor-element-209105f elementor-widget elementor-widget-heading\" data-id=\"209105f\" data-element_type=\"widget\" data-e-type=\"widget\" data-widget_type=\"heading.default\">\n\t\t\t\t<div class=\"elementor-widget-container\">\n\t\t\t\t\t<h2 class=\"elementor-heading-title elementor-size-default\">Titles in the running for the 2026 edition<\/h2>\t\t\t\t<\/div>\n\t\t\t\t<\/div>\n\t\t\t\t<div class=\"elementor-element elementor-element-3ed039b elementor-widget elementor-widget-text-editor\" data-id=\"3ed039b\" data-element_type=\"widget\" data-e-type=\"widget\" data-widget_type=\"text-editor.default\">\n\t\t\t\t<div class=\"elementor-widget-container\">\n\t\t\t\t\t\t\t\t\t<p><b>The Point European Thriller Prize recognizes each year a thriller by a French or European author.<\/b><\/p>\t\t\t\t\t\t\t\t<\/div>\n\t\t\t\t<\/div>\n\t\t\t\t<div class=\"elementor-element elementor-element-25fee5c elementor-widget elementor-widget-text-editor\" data-id=\"25fee5c\" data-element_type=\"widget\" data-e-type=\"widget\" data-widget_type=\"text-editor.default\">\n\t\t\t\t<div class=\"elementor-widget-container\">\n\t\t\t\t\t\t\t\t\t<ul><li><strong><em>Celles qui ne dorment pas<\/em><\/strong>, by Dolores Redondo, translated by Isabelle Gugnon (Gallimard)<\/li><li><strong><em>Le Livre des prodiges<\/em><\/strong>, by Olivier Ciechelski (Le Rouergue)<\/li><li><strong><em>Le B\u00e2timent<\/em><\/strong>, by Mehdi Bayad (JC Latt\u00e8s)<\/li><li><strong><em>On ne mange pas les cannibales<\/em><\/strong>, by St\u00e9phanie Artarit (Belfond)<\/li><li><strong><em>La Station<\/em><\/strong>, by Jakub Szama\u0142ek, traduit par Kamil Barbarksi (M\u00e9taill\u00e9)<\/li><li><em><strong>Mill\u00e9nium 8 &#8211; La Fille dans les griffes du lynx<\/strong>, by<\/em> Karin Smirnoff, translated by Hege Roel Rouson (Actes Sud)<\/li><li><strong><em>Erreur de jugement<\/em><\/strong>, by Ariana Harwicz, translated by Alexandra Carrasco (Dalva)<\/li><li><strong><em>Chiens fous<\/em><\/strong>, by Max Monnehay (Harper Collins)<\/li><li><strong><em>Le Sang des collines<\/em><\/strong>, by Scott Preston, traduit par Paul Matthieu (Albin Michel)<\/li><li><strong><em>Munichs<\/em><\/strong>, by David Peace, translated by Isabelle Maillet (Payot Rivages)<\/li><li><strong><em>L&#8217;Alliance<\/em><\/strong>, by Aslak Nore, translated by C\u00e9line Romand-Monnier (Le Bruit du Monde)<\/li><li><strong><em>Groenland, le pays qui n&#8217;\u00e9tait pas \u00e0 vendre<\/em><\/strong>, by Mal<span jsaction=\"click:sKUsF\" role=\"tooltip\" tabindex=\"0\"><span jsname=\"d6wfac\" class=\"c5aZPb\" data-enable-toggle-animation=\"true\" data-extra-container-classes=\"ZLo7Eb\" data-hover-hide-delay=\"1000\" data-hover-open-delay=\"500\" data-send-open-event=\"true\" data-theme=\"0\" data-width=\"250\" role=\"button\" jsaction=\"vQLyHf\" jsslot=\"\" data-ved=\"2ahUKEwj2qP7i2I-SAxVAnycCHX1ZL40QmpgGegQIHxAE\" tabindex=\"0\"><span jsname=\"ukx3I\" class=\"JPfdse\" data-bubble-link=\"\" data-segment-text=\"\u00f8\">\u00f8 Mo (La Martini\u00e8re)<\/span><\/span><\/span><\/li><li><strong><em>La Colline<\/em><\/strong>, by Mathilde Beaussault (Seuil)<\/li><li><strong><em>Ici, tout le monde ment&#8230;<\/em>,<\/strong> by Johana Gustawsson et Thomas Enger (Calmann L\u00e9vy)<\/li><li><strong><em>Les Voies souterraines<\/em><\/strong>, by Sylvain Kermici (Plon)<\/li><li><strong><em>Le Champs des m\u00e9duses<\/em><\/strong>, by Oto Oltvanji, traduit par Slavica Pantic Lew (Agullo)<\/li><\/ul>\t\t\t\t\t\t\t\t<\/div>\n\t\t\t\t<\/div>\n\t\t\t\t<div class=\"elementor-element elementor-element-605b891 elementor-widget elementor-widget-heading\" data-id=\"605b891\" data-element_type=\"widget\" data-e-type=\"widget\" data-widget_type=\"heading.default\">\n\t\t\t\t<div class=\"elementor-widget-container\">\n\t\t\t\t\t<h2 class=\"elementor-heading-title elementor-size-default\">Previous winners<\/h2>\t\t\t\t<\/div>\n\t\t\t\t<\/div>\n\t\t\t\t<div class=\"elementor-element elementor-element-fbfce09 elementor-widget elementor-widget-text-editor\" data-id=\"fbfce09\" data-element_type=\"widget\" data-e-type=\"widget\" data-widget_type=\"text-editor.default\">\n\t\t\t\t<div class=\"elementor-widget-container\">\n\t\t\t\t\t\t\t\t\t<p><span style=\"font-weight: 400;\">Since its creation in 2003, it has crowned in turn <\/span><b>Laura Grimaldi<\/b><span style=\"font-weight: 400;\"> for <\/span><i><span style=\"font-weight: 400;\">La Faute <\/span><\/i><span style=\"font-weight: 400;\">(2003),  <\/span><b>Bill James<\/b><span style=\"font-weight: 400;\"> for <\/span><i><span style=\"font-weight: 400;\">Protection <\/span><\/i><span style=\"font-weight: 400;\">(2004),  <\/span><b>Laura Wilson<\/b><span style=\"font-weight: 400;\"> for <\/span><i><span style=\"font-weight: 400;\">L\u2019Amant anglais <\/span><\/i><span style=\"font-weight: 400;\">(2005),  <\/span><b>Giancarlo de Cataldo<\/b><span style=\"font-weight: 400;\"> for <\/span><i><span style=\"font-weight: 400;\">Romanzo Criminale <\/span><\/i><span style=\"font-weight: 400;\">(2006),  <\/span><b>John Harvey<\/b><span style=\"font-weight: 400;\"> for <\/span><i><span style=\"font-weight: 400;\">De Cendre et d\u2019os<\/span><\/i><span style=\"font-weight: 400;\">  (2007),  <\/span><b>Arnaldur Indridason<\/b><span style=\"font-weight: 400;\"> for <\/span><i><span style=\"font-weight: 400;\">L\u2019Homme du lac <\/span><\/i><span style=\"font-weight: 400;\">(2008),  <\/span><b>Philip Kerr<\/b><span style=\"font-weight: 400;\"> for <\/span><i><span style=\"font-weight: 400;\">La mort entre autres <\/span><\/i><span style=\"font-weight: 400;\">(2009),  <\/span><b>Pierre Lemaitre<\/b><span style=\"font-weight: 400;\"> for <\/span><i><span style=\"font-weight: 400;\">Cadres noirs<\/span><\/i><span style=\"font-weight: 400;\">  (2010),  <\/span><b>Hugues Declan<\/b><span style=\"font-weight: 400;\"> for <\/span><i><span style=\"font-weight: 400;\">Coup de Sang<\/span><\/i><span style=\"font-weight: 400;\">  (2011),  <\/span><b>Victor Del \u00c1rbol<\/b><span style=\"font-weight: 400;\"> for <\/span><i><span style=\"font-weight: 400;\">La Tristesse du Samoura\u00ef <\/span><\/i><span style=\"font-weight: 400;\">(2012),  <\/span><b>Petros Markaris <\/b><span style=\"font-weight: 400;\">for <\/span><i><span style=\"font-weight: 400;\">Liquidations \u00e0 la grecque <\/span><\/i><span style=\"font-weight: 400;\">(2013),  <\/span><b>Herv\u00e9 Le Corre<\/b><span style=\"font-weight: 400;\"> for <\/span><i><span style=\"font-weight: 400;\">Apr\u00e8s la guerre<\/span><\/i><span style=\"font-weight: 400;\">  (2014),  <\/span><b>Sascha Arango<\/b><span style=\"font-weight: 400;\"> for<\/span><i><span style=\"font-weight: 400;\"> La v\u00e9rit\u00e9 et autres mensonges <\/span><\/i><span style=\"font-weight: 400;\">(2015)<\/span><i><span style=\"font-weight: 400;\">,  <\/span><\/i><b>Olivier Norek<\/b><span style=\"font-weight: 400;\"> for<\/span><i><span style=\"font-weight: 400;\"> Surtensions <\/span><\/i><span style=\"font-weight: 400;\">(2016),  <\/span><b>Hannelore Cayre<\/b><span style=\"font-weight: 400;\"> for <\/span><i><span style=\"font-weight: 400;\">La Daronne <\/span><\/i><span style=\"font-weight: 400;\">(2017)<\/span><i><span style=\"font-weight: 400;\">,<\/span><\/i> <b>Malin Persson Giolito<\/b><span style=\"font-weight: 400;\"> for <\/span><i><span style=\"font-weight: 400;\">Rien de plus grand<\/span><\/i><span style=\"font-weight: 400;\">  (2018),  <\/span><b>Tim Willocks<\/b><span style=\"font-weight: 400;\"> for <\/span><i><span style=\"font-weight: 400;\">La Mort selon Turner<\/span><\/i><span style=\"font-weight: 400;\">  (2019),  <\/span><b>Abir Mukherjee<\/b><span style=\"font-weight: 400;\"> for <\/span><i><span style=\"font-weight: 400;\">L\u2019attaque du Calcutta-Darjeeling<\/span><\/i><span style=\"font-weight: 400;\">  (2020),  <\/span><b>Jurica Pavicic<\/b><span style=\"font-weight: 400;\"> for <\/span><i><span style=\"font-weight: 400;\">L\u2019eau rouge<\/span><\/i><span style=\"font-weight: 400;\">  (2021),  <\/span><b>Victor Guilbert<\/b><span style=\"font-weight: 400;\"> pour Terra Nullius (2022), <\/span><b>Jacky Schwartzmann<\/b><span style=\"font-weight: 400;\"> for <\/span><i><span style=\"font-weight: 400;\">Shit!<\/span><\/i><span style=\"font-weight: 400;\">  (2023),<\/span><span style=\"font-weight: 400;\"> <\/span><b>Davide Longo<\/b><span style=\"font-weight: 400;\"> for<\/span><i> <span style=\"font-weight: 400;\">L\u2019Affaire Bramard <\/span> <\/i><span style=\"font-weight: 400;\">(2024) and <strong>Vera Buck<\/strong> for <em>Les Enfants loups<\/em> (2025).<\/span><\/p>\t\t\t\t\t\t\t\t<\/div>\n\t\t\t\t<\/div>\n\t\t\t\t\t<\/div>\n\t\t<\/div>\n\t\t\t\t\t<\/div>\n\t\t<\/section>\n\t\t<div class=\"elementor-element elementor-element-c4e1dca e-flex e-con-boxed e-con e-parent\" data-id=\"c4e1dca\" data-element_type=\"container\" data-e-type=\"container\">\n\t\t\t\t\t<div class=\"e-con-inner\">\n\t\t\t\t<div class=\"elementor-element elementor-element-6296088 elementor-widget elementor-widget-spacer\" data-id=\"6296088\" data-element_type=\"widget\" data-e-type=\"widget\" data-widget_type=\"spacer.default\">\n\t\t\t\t<div class=\"elementor-widget-container\">\n\t\t\t\t\t\t\t<div class=\"elementor-spacer\">\n\t\t\t<div class=\"elementor-spacer-inner\"><\/div>\n\t\t<\/div>\n\t\t\t\t\t\t<\/div>\n\t\t\t\t<\/div>\n\t\t\t\t<div class=\"elementor-element elementor-element-27ca460 elementor-widget elementor-widget-image\" data-id=\"27ca460\" data-element_type=\"widget\" data-e-type=\"widget\" data-widget_type=\"image.default\">\n\t\t\t\t<div class=\"elementor-widget-container\">\n\t\t\t\t\t\t\t\t\t\t\t\t\t\t\t<img decoding=\"async\" width=\"1024\" height=\"242\" src=\"https:\/\/quaisdupolar.com\/wp-content\/uploads\/2024\/10\/Le_Point-1024x242.png\" class=\"attachment-large size-large wp-image-9601\" alt=\"\" srcset=\"https:\/\/quaisdupolar.com\/wp-content\/uploads\/2024\/10\/Le_Point-1024x242.png 1024w, https:\/\/quaisdupolar.com\/wp-content\/uploads\/2024\/10\/Le_Point-300x71.png 300w, https:\/\/quaisdupolar.com\/wp-content\/uploads\/2024\/10\/Le_Point-768x182.png 768w, https:\/\/quaisdupolar.com\/wp-content\/uploads\/2024\/10\/Le_Point-1080x256.png 1080w, https:\/\/quaisdupolar.com\/wp-content\/uploads\/2024\/10\/Le_Point.png 1280w\" sizes=\"(max-width: 1024px) 100vw, 1024px\" \/>\t\t\t\t\t\t\t\t\t\t\t\t\t\t\t<\/div>\n\t\t\t\t<\/div>\n\t\t\t\t\t<\/div>\n\t\t\t\t<\/div>\n\t\t\t\t<\/div>\n\t\t","protected":false},"excerpt":{"rendered":"<p>Titles in the running for the 2026 edition The Point European Thriller Prize recognizes each year a thriller by a French or European author. Celles qui ne dorment pas, by Dolores Redondo, translated by Isabelle Gugnon (Gallimard) Le Livre des prodiges, by Olivier Ciechelski (Le Rouergue) Le B\u00e2timent, by Mehdi Bayad (JC Latt\u00e8s) On ne [&hellip;]<\/p>\n","protected":false},"author":4,"featured_media":0,"parent":5122,"menu_order":35,"comment_status":"closed","ping_status":"closed","template":"","meta":{"_acf_changed":false,"footnotes":""},"class_list":["post-6708","page","type-page","status-publish","hentry"],"acf":[],"yoast_head":"<!-- This site is optimized with the Yoast SEO plugin v27.1.1 - https:\/\/yoast.com\/product\/yoast-seo-wordpress\/ -->\n<title>The Point Prize for European Crime Fiction - Quais du polar<\/title>\n<meta name=\"robots\" content=\"index, follow, max-snippet:-1, max-image-preview:large, max-video-preview:-1\" \/>\n<link rel=\"canonical\" href=\"https:\/\/quaisdupolar.com\/en\/the-festival\/literary-prizes\/the-point-prize-for-european-crime-fiction\/\" \/>\n<meta property=\"og:locale\" content=\"en_US\" \/>\n<meta property=\"og:type\" content=\"article\" \/>\n<meta property=\"og:title\" content=\"The Point Prize for European Crime Fiction - Quais du polar\" \/>\n<meta property=\"og:description\" content=\"Titles in the running for the 2026 edition The Point European Thriller Prize recognizes each year a thriller by a French or European author. Celles qui ne dorment pas, by Dolores Redondo, translated by Isabelle Gugnon (Gallimard) Le Livre des prodiges, by Olivier Ciechelski (Le Rouergue) Le B\u00e2timent, by Mehdi Bayad (JC Latt\u00e8s) On ne [&hellip;]\" \/>\n<meta property=\"og:url\" content=\"https:\/\/quaisdupolar.com\/en\/the-festival\/literary-prizes\/the-point-prize-for-european-crime-fiction\/\" \/>\n<meta property=\"og:site_name\" content=\"Quais du polar\" \/>\n<meta property=\"article:publisher\" content=\"https:\/\/www.facebook.com\/quaisdupolar\/\" \/>\n<meta property=\"article:modified_time\" content=\"2026-01-16T10:57:20+00:00\" \/>\n<meta property=\"og:image\" content=\"https:\/\/quaisdupolar.com\/wp-content\/uploads\/2024\/10\/Le_Point.png\" \/>\n\t<meta property=\"og:image:width\" content=\"1280\" \/>\n\t<meta property=\"og:image:height\" content=\"303\" \/>\n\t<meta property=\"og:image:type\" content=\"image\/png\" \/>\n<meta name=\"twitter:card\" content=\"summary_large_image\" \/>\n<meta name=\"twitter:site\" content=\"@QuaisPolar\" \/>\n<meta name=\"twitter:label1\" content=\"Est. reading time\" \/>\n\t<meta name=\"twitter:data1\" content=\"2 minutes\" \/>\n<script type=\"application\/ld+json\" class=\"yoast-schema-graph\">{\"@context\":\"https:\/\/schema.org\",\"@graph\":[{\"@type\":\"WebPage\",\"@id\":\"https:\/\/quaisdupolar.com\/en\/the-festival\/literary-prizes\/the-point-prize-for-european-crime-fiction\/\",\"url\":\"https:\/\/quaisdupolar.com\/en\/the-festival\/literary-prizes\/the-point-prize-for-european-crime-fiction\/\",\"name\":\"The Point Prize for European Crime Fiction - Quais du polar\",\"isPartOf\":{\"@id\":\"https:\/\/quaisdupolar.com\/en\/#website\"},\"primaryImageOfPage\":{\"@id\":\"https:\/\/quaisdupolar.com\/en\/the-festival\/literary-prizes\/the-point-prize-for-european-crime-fiction\/#primaryimage\"},\"image\":{\"@id\":\"https:\/\/quaisdupolar.com\/en\/the-festival\/literary-prizes\/the-point-prize-for-european-crime-fiction\/#primaryimage\"},\"thumbnailUrl\":\"https:\/\/quaisdupolar.com\/wp-content\/uploads\/2024\/10\/Le_Point-1024x242.png\",\"datePublished\":\"2024-09-24T14:22:53+00:00\",\"dateModified\":\"2026-01-16T10:57:20+00:00\",\"breadcrumb\":{\"@id\":\"https:\/\/quaisdupolar.com\/en\/the-festival\/literary-prizes\/the-point-prize-for-european-crime-fiction\/#breadcrumb\"},\"inLanguage\":\"en-US\",\"potentialAction\":[{\"@type\":\"ReadAction\",\"target\":[\"https:\/\/quaisdupolar.com\/en\/the-festival\/literary-prizes\/the-point-prize-for-european-crime-fiction\/\"]}]},{\"@type\":\"ImageObject\",\"inLanguage\":\"en-US\",\"@id\":\"https:\/\/quaisdupolar.com\/en\/the-festival\/literary-prizes\/the-point-prize-for-european-crime-fiction\/#primaryimage\",\"url\":\"https:\/\/quaisdupolar.com\/wp-content\/uploads\/2024\/10\/Le_Point-1024x242.png\",\"contentUrl\":\"https:\/\/quaisdupolar.com\/wp-content\/uploads\/2024\/10\/Le_Point-1024x242.png\"},{\"@type\":\"BreadcrumbList\",\"@id\":\"https:\/\/quaisdupolar.com\/en\/the-festival\/literary-prizes\/the-point-prize-for-european-crime-fiction\/#breadcrumb\",\"itemListElement\":[{\"@type\":\"ListItem\",\"position\":1,\"name\":\"Home\",\"item\":\"https:\/\/quaisdupolar.com\/en\/\"},{\"@type\":\"ListItem\",\"position\":2,\"name\":\"The festival\",\"item\":\"https:\/\/quaisdupolar.com\/en\/the-festival\/\"},{\"@type\":\"ListItem\",\"position\":3,\"name\":\"Literary awards\",\"item\":\"https:\/\/quaisdupolar.com\/en\/the-festival\/literary-prizes\/\"},{\"@type\":\"ListItem\",\"position\":4,\"name\":\"The Point Prize for European Crime Fiction\"}]},{\"@type\":\"WebSite\",\"@id\":\"https:\/\/quaisdupolar.com\/en\/#website\",\"url\":\"https:\/\/quaisdupolar.com\/en\/\",\"name\":\"Quais du Polar\",\"description\":\"\",\"publisher\":{\"@id\":\"https:\/\/quaisdupolar.com\/en\/#organization\"},\"potentialAction\":[{\"@type\":\"SearchAction\",\"target\":{\"@type\":\"EntryPoint\",\"urlTemplate\":\"https:\/\/quaisdupolar.com\/en\/?s={search_term_string}\"},\"query-input\":{\"@type\":\"PropertyValueSpecification\",\"valueRequired\":true,\"valueName\":\"search_term_string\"}}],\"inLanguage\":\"en-US\"},{\"@type\":\"Organization\",\"@id\":\"https:\/\/quaisdupolar.com\/en\/#organization\",\"name\":\"Quais du Polar\",\"url\":\"https:\/\/quaisdupolar.com\/en\/\",\"logo\":{\"@type\":\"ImageObject\",\"inLanguage\":\"en-US\",\"@id\":\"https:\/\/quaisdupolar.com\/en\/#\/schema\/logo\/image\/\",\"url\":\"https:\/\/quaisdupolar.com\/wp-content\/uploads\/2024\/08\/logo-quais-50.png\",\"contentUrl\":\"https:\/\/quaisdupolar.com\/wp-content\/uploads\/2024\/08\/logo-quais-50.png\",\"width\":428,\"height\":179,\"caption\":\"Quais du Polar\"},\"image\":{\"@id\":\"https:\/\/quaisdupolar.com\/en\/#\/schema\/logo\/image\/\"},\"sameAs\":[\"https:\/\/www.facebook.com\/quaisdupolar\/\",\"https:\/\/x.com\/QuaisPolar\",\"https:\/\/www.instagram.com\/quais_polar\/\"]}]}<\/script>\n<!-- \/ Yoast SEO plugin. -->","yoast_head_json":{"title":"The Point Prize for European Crime Fiction - Quais du polar","robots":{"index":"index","follow":"follow","max-snippet":"max-snippet:-1","max-image-preview":"max-image-preview:large","max-video-preview":"max-video-preview:-1"},"canonical":"https:\/\/quaisdupolar.com\/en\/the-festival\/literary-prizes\/the-point-prize-for-european-crime-fiction\/","og_locale":"en_US","og_type":"article","og_title":"The Point Prize for European Crime Fiction - Quais du polar","og_description":"Titles in the running for the 2026 edition The Point European Thriller Prize recognizes each year a thriller by a French or European author. Celles qui ne dorment pas, by Dolores Redondo, translated by Isabelle Gugnon (Gallimard) Le Livre des prodiges, by Olivier Ciechelski (Le Rouergue) Le B\u00e2timent, by Mehdi Bayad (JC Latt\u00e8s) On ne [&hellip;]","og_url":"https:\/\/quaisdupolar.com\/en\/the-festival\/literary-prizes\/the-point-prize-for-european-crime-fiction\/","og_site_name":"Quais du polar","article_publisher":"https:\/\/www.facebook.com\/quaisdupolar\/","article_modified_time":"2026-01-16T10:57:20+00:00","og_image":[{"width":1280,"height":303,"url":"https:\/\/quaisdupolar.com\/wp-content\/uploads\/2024\/10\/Le_Point.png","type":"image\/png"}],"twitter_card":"summary_large_image","twitter_site":"@QuaisPolar","twitter_misc":{"Est. reading time":"2 minutes"},"schema":{"@context":"https:\/\/schema.org","@graph":[{"@type":"WebPage","@id":"https:\/\/quaisdupolar.com\/en\/the-festival\/literary-prizes\/the-point-prize-for-european-crime-fiction\/","url":"https:\/\/quaisdupolar.com\/en\/the-festival\/literary-prizes\/the-point-prize-for-european-crime-fiction\/","name":"The Point Prize for European Crime Fiction - Quais du polar","isPartOf":{"@id":"https:\/\/quaisdupolar.com\/en\/#website"},"primaryImageOfPage":{"@id":"https:\/\/quaisdupolar.com\/en\/the-festival\/literary-prizes\/the-point-prize-for-european-crime-fiction\/#primaryimage"},"image":{"@id":"https:\/\/quaisdupolar.com\/en\/the-festival\/literary-prizes\/the-point-prize-for-european-crime-fiction\/#primaryimage"},"thumbnailUrl":"https:\/\/quaisdupolar.com\/wp-content\/uploads\/2024\/10\/Le_Point-1024x242.png","datePublished":"2024-09-24T14:22:53+00:00","dateModified":"2026-01-16T10:57:20+00:00","breadcrumb":{"@id":"https:\/\/quaisdupolar.com\/en\/the-festival\/literary-prizes\/the-point-prize-for-european-crime-fiction\/#breadcrumb"},"inLanguage":"en-US","potentialAction":[{"@type":"ReadAction","target":["https:\/\/quaisdupolar.com\/en\/the-festival\/literary-prizes\/the-point-prize-for-european-crime-fiction\/"]}]},{"@type":"ImageObject","inLanguage":"en-US","@id":"https:\/\/quaisdupolar.com\/en\/the-festival\/literary-prizes\/the-point-prize-for-european-crime-fiction\/#primaryimage","url":"https:\/\/quaisdupolar.com\/wp-content\/uploads\/2024\/10\/Le_Point-1024x242.png","contentUrl":"https:\/\/quaisdupolar.com\/wp-content\/uploads\/2024\/10\/Le_Point-1024x242.png"},{"@type":"BreadcrumbList","@id":"https:\/\/quaisdupolar.com\/en\/the-festival\/literary-prizes\/the-point-prize-for-european-crime-fiction\/#breadcrumb","itemListElement":[{"@type":"ListItem","position":1,"name":"Home","item":"https:\/\/quaisdupolar.com\/en\/"},{"@type":"ListItem","position":2,"name":"The festival","item":"https:\/\/quaisdupolar.com\/en\/the-festival\/"},{"@type":"ListItem","position":3,"name":"Literary awards","item":"https:\/\/quaisdupolar.com\/en\/the-festival\/literary-prizes\/"},{"@type":"ListItem","position":4,"name":"The Point Prize for European Crime Fiction"}]},{"@type":"WebSite","@id":"https:\/\/quaisdupolar.com\/en\/#website","url":"https:\/\/quaisdupolar.com\/en\/","name":"Quais du Polar","description":"","publisher":{"@id":"https:\/\/quaisdupolar.com\/en\/#organization"},"potentialAction":[{"@type":"SearchAction","target":{"@type":"EntryPoint","urlTemplate":"https:\/\/quaisdupolar.com\/en\/?s={search_term_string}"},"query-input":{"@type":"PropertyValueSpecification","valueRequired":true,"valueName":"search_term_string"}}],"inLanguage":"en-US"},{"@type":"Organization","@id":"https:\/\/quaisdupolar.com\/en\/#organization","name":"Quais du Polar","url":"https:\/\/quaisdupolar.com\/en\/","logo":{"@type":"ImageObject","inLanguage":"en-US","@id":"https:\/\/quaisdupolar.com\/en\/#\/schema\/logo\/image\/","url":"https:\/\/quaisdupolar.com\/wp-content\/uploads\/2024\/08\/logo-quais-50.png","contentUrl":"https:\/\/quaisdupolar.com\/wp-content\/uploads\/2024\/08\/logo-quais-50.png","width":428,"height":179,"caption":"Quais du Polar"},"image":{"@id":"https:\/\/quaisdupolar.com\/en\/#\/schema\/logo\/image\/"},"sameAs":["https:\/\/www.facebook.com\/quaisdupolar\/","https:\/\/x.com\/QuaisPolar","https:\/\/www.instagram.com\/quais_polar\/"]}]}},"_links":{"self":[{"href":"https:\/\/quaisdupolar.com\/en\/wp-json\/wp\/v2\/pages\/6708","targetHints":{"allow":["GET"]}}],"collection":[{"href":"https:\/\/quaisdupolar.com\/en\/wp-json\/wp\/v2\/pages"}],"about":[{"href":"https:\/\/quaisdupolar.com\/en\/wp-json\/wp\/v2\/types\/page"}],"author":[{"embeddable":true,"href":"https:\/\/quaisdupolar.com\/en\/wp-json\/wp\/v2\/users\/4"}],"replies":[{"embeddable":true,"href":"https:\/\/quaisdupolar.com\/en\/wp-json\/wp\/v2\/comments?post=6708"}],"version-history":[{"count":3,"href":"https:\/\/quaisdupolar.com\/en\/wp-json\/wp\/v2\/pages\/6708\/revisions"}],"predecessor-version":[{"id":21931,"href":"https:\/\/quaisdupolar.com\/en\/wp-json\/wp\/v2\/pages\/6708\/revisions\/21931"}],"up":[{"embeddable":true,"href":"https:\/\/quaisdupolar.com\/en\/wp-json\/wp\/v2\/pages\/5122"}],"wp:attachment":[{"href":"https:\/\/quaisdupolar.com\/en\/wp-json\/wp\/v2\/media?parent=6708"}],"curies":[{"name":"wp","href":"https:\/\/api.w.org\/{rel}","templated":true}]}}