{"id":6713,"date":"2024-09-24T16:02:29","date_gmt":"2024-09-24T14:02:29","guid":{"rendered":"https:\/\/quaisdupolar.preprod-14h28.com\/the-festival\/literary-prizes\/claude-mesplede-prize\/"},"modified":"2025-05-16T10:04:12","modified_gmt":"2025-05-16T08:04:12","slug":"claude-mesplede-prize","status":"publish","type":"page","link":"https:\/\/quaisdupolar.com\/en\/the-festival\/literary-prizes\/claude-mesplede-prize\/","title":{"rendered":"The Claude Mespl\u00e8de Award"},"content":{"rendered":"\t\t<div data-elementor-type=\"wp-page\" data-elementor-id=\"6713\" class=\"elementor elementor-6713 elementor-5823\" data-elementor-post-type=\"page\">\n\t\t\t\t\t\t<section class=\"elementor-section elementor-top-section elementor-element elementor-element-dbae5a0 elementor-section-boxed elementor-section-height-default elementor-section-height-default\" data-id=\"dbae5a0\" data-element_type=\"section\" data-e-type=\"section\">\n\t\t\t\t\t\t<div class=\"elementor-container elementor-column-gap-default\">\n\t\t\t\t\t<div class=\"elementor-column elementor-col-100 elementor-top-column elementor-element elementor-element-59ff14c\" data-id=\"59ff14c\" data-element_type=\"column\" data-e-type=\"column\">\n\t\t\t<div class=\"elementor-widget-wrap elementor-element-populated\">\n\t\t\t\t\t\t<div class=\"elementor-element elementor-element-3ed039b elementor-widget__width-initial elementor-widget elementor-widget-text-editor\" data-id=\"3ed039b\" data-element_type=\"widget\" data-e-type=\"widget\" data-widget_type=\"text-editor.default\">\n\t\t\t\t<div class=\"elementor-widget-container\">\n\t\t\t\t\t\t\t\t\t<p><span style=\"font-weight: 400;\">Claude Mespl\u00e8de was an editor, critic, historian, an enlightened amateur and passionate about crime fiction. He was also a friend and traveling companion of Quais du Polar, having taken part in its birth and all its developments. He has carried out irreplaceable work to disseminate and transmit a culture of crime fiction, through numerous critical texts, articles, essays, studies, collective works, reviews, conferences and prefaces, as well as his monumental Dictionary of Police Literature. <\/span><\/p>\n<p><span style=\"font-weight: 400;\">It is to pay tribute to him and extend his work that we have created the <\/span><b><span style=\"color: #e63617;\">Claude Mespl\u00e8de \/ Quais du Polar Award for non-fiction books on crime<\/span><\/b><span style=\"font-weight: 400;\">.<\/span><\/p>\n<p>Each year, the award is given to a work that contributes to a better understanding of the polar genre, as an essay, historical work, correspondence, document, survey, translation, first edition of complete or unpublished works, new translation or academic work. Audiovisual works are also eligible.<\/p>\n<p><i><span style=\"font-weight: 400;\">\u201cA few years ago, \u201cwe\u201d were whispering that Claude Mespl\u00e8de could well receive the medal of arts and letters. And since \u201cI\u201d had been asked for my opinion on the matter before taking steps relating to this type of circumstance, I had indicated that Claude did not want a medal of any kind. He had already refused a job offer despite his 40 years of work at Air France! <\/span><\/i><\/p>\n<p><i><span style=\"font-weight: 400;\">What Claude would have liked was the Paul F\u00e9val award for popular literature. But this award is only awarded to authors who write popular novels. He wrote ABOUT popular novels and therefore did not fall into this category. <\/span><\/i><\/p>\n<p><i><span style=\"font-weight: 400;\">Also see the birth, thanks to Quais du Polar whom I thank very sincerely, an award bearing the name of Claude Mespl\u00e8de which will reward a choice of: essay, historical work, correspondence, document, investigation, translation, first edition of complete or unpublished works, new translations or even academic and university works\u2026 it\u2019s huge!<\/span><\/i><\/p>\n<p><i><span style=\"font-weight: 400;\">And it is ultimately, by honoring his memory, a nice reversal of fate. Claude would have been very proud that an award bore his name and surely a little amazed at such an honor. <\/span><\/i><\/p>\n<p><i><span style=\"font-weight: 400;\">And those who plan to write about the work of Paul F\u00e9val get to work very quickly. You never know\u2026\u201d \u2013 Ida Mespl\u00e8de <\/span><\/i><\/p>\t\t\t\t\t\t\t\t<\/div>\n\t\t\t\t<\/div>\n\t\t\t\t<div class=\"elementor-element elementor-element-f718f1a elementor-widget elementor-widget-heading\" data-id=\"f718f1a\" data-element_type=\"widget\" data-e-type=\"widget\" data-widget_type=\"heading.default\">\n\t\t\t\t<div class=\"elementor-widget-container\">\n\t\t\t\t\t<h2 class=\"elementor-heading-title elementor-size-default\">Previous winners<\/h2>\t\t\t\t<\/div>\n\t\t\t\t<\/div>\n\t\t\t\t<div class=\"elementor-element elementor-element-fbfce09 elementor-widget elementor-widget-text-editor\" data-id=\"fbfce09\" data-element_type=\"widget\" data-e-type=\"widget\" data-widget_type=\"text-editor.default\">\n\t\t\t\t<div class=\"elementor-widget-container\">\n\t\t\t\t\t\t\t\t\t<p><span style=\"font-weight: 400;\">In previous editions, the prize was awarded to <\/span><b><i>Manchette \u2013 Lettres du mauvais temps \u2013 Correspondance 1977-1995<\/i><\/b> <span style=\"font-weight: 400;\">published by \u00c9ditions La Table Ronde (2020), The review <\/span><b><i>ALIBI <\/i><\/b><span style=\"font-weight: 400;\">(2021) and <\/span><b><i>La Ville de plomb<\/i><\/b><span style=\"font-weight: 400;\">, reissue by Jean Meckert directed by St\u00e9fanie Delestr\u00e9 and Herv\u00e9 Delouche (2022), <\/span><b><i>Romans noirs<\/i><\/b><span style=\"font-weight: 400;\">, Horace McCoy, Quarto collection, translated by Michael Belano, Sabine Berritz, Jacques-Laurent Bost, Marcel Duhamel, Max Roth, Claude Simonnet and France-Marie Watkins and revised by Michael Belano, prefaced by Beno\u00eet Tadi\u00e9 (\u00c9ditions Gallimard) (2023) , Natacha Levet for <b><i>Le Roman noir, une histoire fran\u00e7aise <\/i><\/b><\/span><span style=\"font-weight: 400;\">(2024),<span>\u00a0Claire Caland and Sandrine Kerion for <i><strong>Histoire du polar<\/strong> (2025)<\/i><\/span><\/span><\/p>\t\t\t\t\t\t\t\t<\/div>\n\t\t\t\t<\/div>\n\t\t\t\t\t<\/div>\n\t\t<\/div>\n\t\t\t\t\t<\/div>\n\t\t<\/section>\n\t\t\t\t<\/div>\n\t\t","protected":false},"excerpt":{"rendered":"<p>Claude Mespl\u00e8de was an editor, critic, historian, an enlightened amateur and passionate about crime fiction. He was also a friend and traveling companion of Quais du Polar, having taken part in its birth and all its developments. He has carried out irreplaceable work to disseminate and transmit a culture of crime fiction, through numerous critical [&hellip;]<\/p>\n","protected":false},"author":4,"featured_media":0,"parent":5122,"menu_order":36,"comment_status":"closed","ping_status":"closed","template":"","meta":{"_acf_changed":false,"footnotes":""},"class_list":["post-6713","page","type-page","status-publish","hentry"],"acf":[],"yoast_head":"<!-- This site is optimized with the Yoast SEO plugin v27.1.1 - https:\/\/yoast.com\/product\/yoast-seo-wordpress\/ -->\n<title>The Claude Mespl\u00e8de Award - Quais du polar<\/title>\n<meta name=\"robots\" content=\"index, follow, max-snippet:-1, max-image-preview:large, max-video-preview:-1\" \/>\n<link rel=\"canonical\" href=\"https:\/\/quaisdupolar.com\/en\/the-festival\/literary-prizes\/claude-mesplede-prize\/\" \/>\n<meta property=\"og:locale\" content=\"en_US\" \/>\n<meta property=\"og:type\" content=\"article\" \/>\n<meta property=\"og:title\" content=\"The Claude Mespl\u00e8de Award - Quais du polar\" \/>\n<meta property=\"og:description\" content=\"Claude Mespl\u00e8de was an editor, critic, historian, an enlightened amateur and passionate about crime fiction. He was also a friend and traveling companion of Quais du Polar, having taken part in its birth and all its developments. He has carried out irreplaceable work to disseminate and transmit a culture of crime fiction, through numerous critical [&hellip;]\" \/>\n<meta property=\"og:url\" content=\"https:\/\/quaisdupolar.com\/en\/the-festival\/literary-prizes\/claude-mesplede-prize\/\" \/>\n<meta property=\"og:site_name\" content=\"Quais du polar\" \/>\n<meta property=\"article:publisher\" content=\"https:\/\/www.facebook.com\/quaisdupolar\/\" \/>\n<meta property=\"article:modified_time\" content=\"2025-05-16T08:04:12+00:00\" \/>\n<meta property=\"og:image\" content=\"https:\/\/quaisdupolar.com\/wp-content\/uploads\/2024\/08\/logo-quais-50.png\" \/>\n\t<meta property=\"og:image:width\" content=\"428\" \/>\n\t<meta property=\"og:image:height\" content=\"179\" \/>\n\t<meta property=\"og:image:type\" content=\"image\/png\" \/>\n<meta name=\"twitter:card\" content=\"summary_large_image\" \/>\n<meta name=\"twitter:site\" content=\"@QuaisPolar\" \/>\n<meta name=\"twitter:label1\" content=\"Est. reading time\" \/>\n\t<meta name=\"twitter:data1\" content=\"3 minutes\" \/>\n<script type=\"application\/ld+json\" class=\"yoast-schema-graph\">{\"@context\":\"https:\/\/schema.org\",\"@graph\":[{\"@type\":\"WebPage\",\"@id\":\"https:\/\/quaisdupolar.com\/en\/the-festival\/literary-prizes\/claude-mesplede-prize\/\",\"url\":\"https:\/\/quaisdupolar.com\/en\/the-festival\/literary-prizes\/claude-mesplede-prize\/\",\"name\":\"The Claude Mespl\u00e8de Award - Quais du polar\",\"isPartOf\":{\"@id\":\"https:\/\/quaisdupolar.com\/en\/#website\"},\"datePublished\":\"2024-09-24T14:02:29+00:00\",\"dateModified\":\"2025-05-16T08:04:12+00:00\",\"breadcrumb\":{\"@id\":\"https:\/\/quaisdupolar.com\/en\/the-festival\/literary-prizes\/claude-mesplede-prize\/#breadcrumb\"},\"inLanguage\":\"en-US\",\"potentialAction\":[{\"@type\":\"ReadAction\",\"target\":[\"https:\/\/quaisdupolar.com\/en\/the-festival\/literary-prizes\/claude-mesplede-prize\/\"]}]},{\"@type\":\"BreadcrumbList\",\"@id\":\"https:\/\/quaisdupolar.com\/en\/the-festival\/literary-prizes\/claude-mesplede-prize\/#breadcrumb\",\"itemListElement\":[{\"@type\":\"ListItem\",\"position\":1,\"name\":\"Home\",\"item\":\"https:\/\/quaisdupolar.com\/en\/\"},{\"@type\":\"ListItem\",\"position\":2,\"name\":\"The festival\",\"item\":\"https:\/\/quaisdupolar.com\/en\/the-festival\/\"},{\"@type\":\"ListItem\",\"position\":3,\"name\":\"Literary awards\",\"item\":\"https:\/\/quaisdupolar.com\/en\/the-festival\/literary-prizes\/\"},{\"@type\":\"ListItem\",\"position\":4,\"name\":\"The Claude Mespl\u00e8de Award\"}]},{\"@type\":\"WebSite\",\"@id\":\"https:\/\/quaisdupolar.com\/en\/#website\",\"url\":\"https:\/\/quaisdupolar.com\/en\/\",\"name\":\"Quais du Polar\",\"description\":\"\",\"publisher\":{\"@id\":\"https:\/\/quaisdupolar.com\/en\/#organization\"},\"potentialAction\":[{\"@type\":\"SearchAction\",\"target\":{\"@type\":\"EntryPoint\",\"urlTemplate\":\"https:\/\/quaisdupolar.com\/en\/?s={search_term_string}\"},\"query-input\":{\"@type\":\"PropertyValueSpecification\",\"valueRequired\":true,\"valueName\":\"search_term_string\"}}],\"inLanguage\":\"en-US\"},{\"@type\":\"Organization\",\"@id\":\"https:\/\/quaisdupolar.com\/en\/#organization\",\"name\":\"Quais du Polar\",\"url\":\"https:\/\/quaisdupolar.com\/en\/\",\"logo\":{\"@type\":\"ImageObject\",\"inLanguage\":\"en-US\",\"@id\":\"https:\/\/quaisdupolar.com\/en\/#\/schema\/logo\/image\/\",\"url\":\"https:\/\/quaisdupolar.com\/wp-content\/uploads\/2024\/08\/logo-quais-50.png\",\"contentUrl\":\"https:\/\/quaisdupolar.com\/wp-content\/uploads\/2024\/08\/logo-quais-50.png\",\"width\":428,\"height\":179,\"caption\":\"Quais du Polar\"},\"image\":{\"@id\":\"https:\/\/quaisdupolar.com\/en\/#\/schema\/logo\/image\/\"},\"sameAs\":[\"https:\/\/www.facebook.com\/quaisdupolar\/\",\"https:\/\/x.com\/QuaisPolar\",\"https:\/\/www.instagram.com\/quais_polar\/\"]}]}<\/script>\n<!-- \/ Yoast SEO plugin. -->","yoast_head_json":{"title":"The Claude Mespl\u00e8de Award - Quais du polar","robots":{"index":"index","follow":"follow","max-snippet":"max-snippet:-1","max-image-preview":"max-image-preview:large","max-video-preview":"max-video-preview:-1"},"canonical":"https:\/\/quaisdupolar.com\/en\/the-festival\/literary-prizes\/claude-mesplede-prize\/","og_locale":"en_US","og_type":"article","og_title":"The Claude Mespl\u00e8de Award - Quais du polar","og_description":"Claude Mespl\u00e8de was an editor, critic, historian, an enlightened amateur and passionate about crime fiction. He was also a friend and traveling companion of Quais du Polar, having taken part in its birth and all its developments. He has carried out irreplaceable work to disseminate and transmit a culture of crime fiction, through numerous critical [&hellip;]","og_url":"https:\/\/quaisdupolar.com\/en\/the-festival\/literary-prizes\/claude-mesplede-prize\/","og_site_name":"Quais du polar","article_publisher":"https:\/\/www.facebook.com\/quaisdupolar\/","article_modified_time":"2025-05-16T08:04:12+00:00","og_image":[{"width":428,"height":179,"url":"https:\/\/quaisdupolar.com\/wp-content\/uploads\/2024\/08\/logo-quais-50.png","type":"image\/png"}],"twitter_card":"summary_large_image","twitter_site":"@QuaisPolar","twitter_misc":{"Est. reading time":"3 minutes"},"schema":{"@context":"https:\/\/schema.org","@graph":[{"@type":"WebPage","@id":"https:\/\/quaisdupolar.com\/en\/the-festival\/literary-prizes\/claude-mesplede-prize\/","url":"https:\/\/quaisdupolar.com\/en\/the-festival\/literary-prizes\/claude-mesplede-prize\/","name":"The Claude Mespl\u00e8de Award - Quais du polar","isPartOf":{"@id":"https:\/\/quaisdupolar.com\/en\/#website"},"datePublished":"2024-09-24T14:02:29+00:00","dateModified":"2025-05-16T08:04:12+00:00","breadcrumb":{"@id":"https:\/\/quaisdupolar.com\/en\/the-festival\/literary-prizes\/claude-mesplede-prize\/#breadcrumb"},"inLanguage":"en-US","potentialAction":[{"@type":"ReadAction","target":["https:\/\/quaisdupolar.com\/en\/the-festival\/literary-prizes\/claude-mesplede-prize\/"]}]},{"@type":"BreadcrumbList","@id":"https:\/\/quaisdupolar.com\/en\/the-festival\/literary-prizes\/claude-mesplede-prize\/#breadcrumb","itemListElement":[{"@type":"ListItem","position":1,"name":"Home","item":"https:\/\/quaisdupolar.com\/en\/"},{"@type":"ListItem","position":2,"name":"The festival","item":"https:\/\/quaisdupolar.com\/en\/the-festival\/"},{"@type":"ListItem","position":3,"name":"Literary awards","item":"https:\/\/quaisdupolar.com\/en\/the-festival\/literary-prizes\/"},{"@type":"ListItem","position":4,"name":"The Claude Mespl\u00e8de Award"}]},{"@type":"WebSite","@id":"https:\/\/quaisdupolar.com\/en\/#website","url":"https:\/\/quaisdupolar.com\/en\/","name":"Quais du Polar","description":"","publisher":{"@id":"https:\/\/quaisdupolar.com\/en\/#organization"},"potentialAction":[{"@type":"SearchAction","target":{"@type":"EntryPoint","urlTemplate":"https:\/\/quaisdupolar.com\/en\/?s={search_term_string}"},"query-input":{"@type":"PropertyValueSpecification","valueRequired":true,"valueName":"search_term_string"}}],"inLanguage":"en-US"},{"@type":"Organization","@id":"https:\/\/quaisdupolar.com\/en\/#organization","name":"Quais du Polar","url":"https:\/\/quaisdupolar.com\/en\/","logo":{"@type":"ImageObject","inLanguage":"en-US","@id":"https:\/\/quaisdupolar.com\/en\/#\/schema\/logo\/image\/","url":"https:\/\/quaisdupolar.com\/wp-content\/uploads\/2024\/08\/logo-quais-50.png","contentUrl":"https:\/\/quaisdupolar.com\/wp-content\/uploads\/2024\/08\/logo-quais-50.png","width":428,"height":179,"caption":"Quais du Polar"},"image":{"@id":"https:\/\/quaisdupolar.com\/en\/#\/schema\/logo\/image\/"},"sameAs":["https:\/\/www.facebook.com\/quaisdupolar\/","https:\/\/x.com\/QuaisPolar","https:\/\/www.instagram.com\/quais_polar\/"]}]}},"_links":{"self":[{"href":"https:\/\/quaisdupolar.com\/en\/wp-json\/wp\/v2\/pages\/6713","targetHints":{"allow":["GET"]}}],"collection":[{"href":"https:\/\/quaisdupolar.com\/en\/wp-json\/wp\/v2\/pages"}],"about":[{"href":"https:\/\/quaisdupolar.com\/en\/wp-json\/wp\/v2\/types\/page"}],"author":[{"embeddable":true,"href":"https:\/\/quaisdupolar.com\/en\/wp-json\/wp\/v2\/users\/4"}],"replies":[{"embeddable":true,"href":"https:\/\/quaisdupolar.com\/en\/wp-json\/wp\/v2\/comments?post=6713"}],"version-history":[{"count":3,"href":"https:\/\/quaisdupolar.com\/en\/wp-json\/wp\/v2\/pages\/6713\/revisions"}],"predecessor-version":[{"id":19431,"href":"https:\/\/quaisdupolar.com\/en\/wp-json\/wp\/v2\/pages\/6713\/revisions\/19431"}],"up":[{"embeddable":true,"href":"https:\/\/quaisdupolar.com\/en\/wp-json\/wp\/v2\/pages\/5122"}],"wp:attachment":[{"href":"https:\/\/quaisdupolar.com\/en\/wp-json\/wp\/v2\/media?parent=6713"}],"curies":[{"name":"wp","href":"https:\/\/api.w.org\/{rel}","templated":true}]}}