{"id":7363,"date":"2024-08-08T13:58:44","date_gmt":"2024-08-08T11:58:44","guid":{"rendered":"https:\/\/quaisdupolar.preprod-14h28.com\/programming\/dedications\/"},"modified":"2025-05-14T12:31:24","modified_gmt":"2025-05-14T10:31:24","slug":"signings","status":"publish","type":"page","link":"https:\/\/quaisdupolar.com\/en\/programming\/signings\/","title":{"rendered":"Signings"},"content":{"rendered":"\t\t<div data-elementor-type=\"wp-page\" data-elementor-id=\"7363\" class=\"elementor elementor-7363 elementor-3749\" data-elementor-post-type=\"page\">\n\t\t\t\t\t\t<section class=\"elementor-section elementor-top-section elementor-element elementor-element-7428202 elementor-section-boxed elementor-section-height-default elementor-section-height-default\" data-id=\"7428202\" data-element_type=\"section\" data-e-type=\"section\">\n\t\t\t\t\t\t<div class=\"elementor-container elementor-column-gap-default\">\n\t\t\t\t\t<div class=\"elementor-column elementor-col-100 elementor-top-column elementor-element elementor-element-2715e08\" data-id=\"2715e08\" data-element_type=\"column\" data-e-type=\"column\">\n\t\t\t<div class=\"elementor-widget-wrap elementor-element-populated\">\n\t\t\t\t\t\t<div class=\"elementor-element elementor-element-6b53608 elementor-widget elementor-widget-heading\" data-id=\"6b53608\" data-element_type=\"widget\" data-e-type=\"widget\" data-widget_type=\"heading.default\">\n\t\t\t\t<div class=\"elementor-widget-container\">\n\t\t\t\t\t<h2 class=\"elementor-heading-title elementor-size-default\">The signings schedule<\/h2>\t\t\t\t<\/div>\n\t\t\t\t<\/div>\n\t\t\t\t<div class=\"elementor-element elementor-element-d18b5df elementor-widget elementor-widget-text-editor\" data-id=\"d18b5df\" data-element_type=\"widget\" data-e-type=\"widget\" data-widget_type=\"text-editor.default\">\n\t\t\t\t<div class=\"elementor-widget-container\">\n\t\t\t\t\t\t\t\t\t<p>Signings are free of charge, and access is unreserved. In the event of overcrowding, a ticket system may be introduced to allow visitors to wait more freely, and to facilitate traffic flow in the signing rooms. Copies of the author&#8217;s books will be available for sale at the relevant stand. Festival-goers are authorized to bring their own books to book signings, within reasonable limits (3 to 4 titles maximum).<\/p><p>Book signings take place mainly at partner bookstands in the festival&#8217;s main venues: Palais de la Bourse (Place de la Bourse, Lyon 2e) and H\u00f4tel de Ville (Place de la Com\u00e9die, Lyon 1er). These bookstands have the opportunity to invite authors directly, in addition to those already present at the festival. As a result, the official festival list may be expanded by a few names depending on these invitations!<\/p><p><span style=\"color: #e63618;\"><strong>&gt; The signing schedule is available 15 days before the festival.<\/strong><br \/><\/span><\/p>\t\t\t\t\t\t\t\t<\/div>\n\t\t\t\t<\/div>\n\t\t\t\t<div class=\"elementor-element elementor-element-067a178 elementor-widget-divider--view-line elementor-widget elementor-widget-divider\" data-id=\"067a178\" data-element_type=\"widget\" data-e-type=\"widget\" data-widget_type=\"divider.default\">\n\t\t\t\t<div class=\"elementor-widget-container\">\n\t\t\t\t\t\t\t<div class=\"elementor-divider\">\n\t\t\t<span class=\"elementor-divider-separator\">\n\t\t\t\t\t\t<\/span>\n\t\t<\/div>\n\t\t\t\t\t\t<\/div>\n\t\t\t\t<\/div>\n\t\t\t\t<div class=\"elementor-element elementor-element-772e0ec elementor-widget elementor-widget-text-editor\" data-id=\"772e0ec\" data-element_type=\"widget\" data-e-type=\"widget\" data-widget_type=\"text-editor.default\">\n\t\t\t\t<div class=\"elementor-widget-container\">\n\t\t\t\t\t\t\t\t\t<p><strong>LA GRANDE LIBRAIRIE, PALAIS DE LA BOURSE &#8211; PARTNER BOOKSELLERS<\/strong><\/p><p>All the partner booksellers listed bellow have a stand in the Palais de la Bourse where you will access to the signings.<\/p><p>Librairie Adrienne (Lyon), Le Bal des Ardents (Lyon), L&#8217;Esprit Livre (Lyon), Experience (Lyon), La Madeleine (Lyon), La Maison Jaune (Neuville-sur-Sa\u00f4ne), Lucioles (Viennes), Librairie de Paris (Saint-\u00c9tienne), Passages (Lyon), \u00c0 titre d&#8217;Aile (Lyon), La Virevolte (Lyon), Les Volcans (Clermont-Ferrand).<\/p><p><strong>LA PETITE LIBRAIRIE, CITY HALL &#8211; PARTNER EXHIBITORS<\/strong><\/p><p>All the partner exhibitors listed bellow have a stand in the City Hall where you will access to the signings.<\/p><p>Le Livre en Pente &#8211; Rare and second-hand books (Lyon), Un Petit Noir &#8211; Bookshop (Lyon), Le P\u00e8re P\u00e9nard &#8211; Rare and second-hand books (Lyon), Atmosphere DVD &#8211; Posters and DVDs (Villeurbanne), Le Rayon Populaire &#8211; Rare and second-hand books (Villefranche-sur-Sa\u00f4ne), Le March\u00e9 Noir &#8211; Rare and second-hand books (Gardanne).<\/p>\t\t\t\t\t\t\t\t<\/div>\n\t\t\t\t<\/div>\n\t\t\t\t\t<\/div>\n\t\t<\/div>\n\t\t\t\t\t<\/div>\n\t\t<\/section>\n\t\t\t\t<\/div>\n\t\t","protected":false},"excerpt":{"rendered":"<p>The signings schedule Signings are free of charge, and access is unreserved. In the event of overcrowding, a ticket system may be introduced to allow visitors to wait more freely, and to facilitate traffic flow in the signing rooms. Copies of the author&#8217;s books will be available for sale at the relevant stand. Festival-goers are [&hellip;]<\/p>\n","protected":false},"author":1,"featured_media":0,"parent":7023,"menu_order":60,"comment_status":"closed","ping_status":"closed","template":"","meta":{"_acf_changed":false,"footnotes":""},"class_list":["post-7363","page","type-page","status-publish","hentry"],"acf":[],"yoast_head":"<!-- This site is optimized with the Yoast SEO plugin v27.1.1 - https:\/\/yoast.com\/product\/yoast-seo-wordpress\/ -->\n<title>Signings - Quais du polar<\/title>\n<meta name=\"description\" content=\"Signings for your crime books are free and access is without reservation. Learn more here.\" \/>\n<meta name=\"robots\" content=\"index, follow, max-snippet:-1, max-image-preview:large, max-video-preview:-1\" \/>\n<link rel=\"canonical\" href=\"https:\/\/quaisdupolar.com\/en\/programming\/signings\/\" \/>\n<meta property=\"og:locale\" content=\"en_US\" \/>\n<meta property=\"og:type\" content=\"article\" \/>\n<meta property=\"og:title\" content=\"Signings - Quais du polar\" \/>\n<meta property=\"og:description\" content=\"Signings for your crime books are free and access is without reservation. Learn more here.\" \/>\n<meta property=\"og:url\" content=\"https:\/\/quaisdupolar.com\/en\/programming\/signings\/\" \/>\n<meta property=\"og:site_name\" content=\"Quais du polar\" \/>\n<meta property=\"article:publisher\" content=\"https:\/\/www.facebook.com\/quaisdupolar\/\" \/>\n<meta property=\"article:modified_time\" content=\"2025-05-14T10:31:24+00:00\" \/>\n<meta property=\"og:image\" content=\"https:\/\/quaisdupolar.com\/wp-content\/uploads\/2024\/08\/logo-quais-50.png\" \/>\n\t<meta property=\"og:image:width\" content=\"428\" \/>\n\t<meta property=\"og:image:height\" content=\"179\" \/>\n\t<meta property=\"og:image:type\" content=\"image\/png\" \/>\n<meta name=\"twitter:card\" content=\"summary_large_image\" \/>\n<meta name=\"twitter:site\" content=\"@QuaisPolar\" \/>\n<meta name=\"twitter:label1\" content=\"Est. reading time\" \/>\n\t<meta name=\"twitter:data1\" content=\"2 minutes\" \/>\n<script type=\"application\/ld+json\" class=\"yoast-schema-graph\">{\"@context\":\"https:\/\/schema.org\",\"@graph\":[{\"@type\":\"WebPage\",\"@id\":\"https:\/\/quaisdupolar.com\/en\/programming\/signings\/\",\"url\":\"https:\/\/quaisdupolar.com\/en\/programming\/signings\/\",\"name\":\"Signings - Quais du polar\",\"isPartOf\":{\"@id\":\"https:\/\/quaisdupolar.com\/en\/#website\"},\"datePublished\":\"2024-08-08T11:58:44+00:00\",\"dateModified\":\"2025-05-14T10:31:24+00:00\",\"description\":\"Signings for your crime books are free and access is without reservation. Learn more here.\",\"breadcrumb\":{\"@id\":\"https:\/\/quaisdupolar.com\/en\/programming\/signings\/#breadcrumb\"},\"inLanguage\":\"en-US\",\"potentialAction\":[{\"@type\":\"ReadAction\",\"target\":[\"https:\/\/quaisdupolar.com\/en\/programming\/signings\/\"]}]},{\"@type\":\"BreadcrumbList\",\"@id\":\"https:\/\/quaisdupolar.com\/en\/programming\/signings\/#breadcrumb\",\"itemListElement\":[{\"@type\":\"ListItem\",\"position\":1,\"name\":\"Home\",\"item\":\"https:\/\/quaisdupolar.com\/en\/\"},{\"@type\":\"ListItem\",\"position\":2,\"name\":\"Programming\",\"item\":\"https:\/\/quaisdupolar.com\/en\/programming\/\"},{\"@type\":\"ListItem\",\"position\":3,\"name\":\"Signings\"}]},{\"@type\":\"WebSite\",\"@id\":\"https:\/\/quaisdupolar.com\/en\/#website\",\"url\":\"https:\/\/quaisdupolar.com\/en\/\",\"name\":\"Quais du Polar\",\"description\":\"\",\"publisher\":{\"@id\":\"https:\/\/quaisdupolar.com\/en\/#organization\"},\"potentialAction\":[{\"@type\":\"SearchAction\",\"target\":{\"@type\":\"EntryPoint\",\"urlTemplate\":\"https:\/\/quaisdupolar.com\/en\/?s={search_term_string}\"},\"query-input\":{\"@type\":\"PropertyValueSpecification\",\"valueRequired\":true,\"valueName\":\"search_term_string\"}}],\"inLanguage\":\"en-US\"},{\"@type\":\"Organization\",\"@id\":\"https:\/\/quaisdupolar.com\/en\/#organization\",\"name\":\"Quais du Polar\",\"url\":\"https:\/\/quaisdupolar.com\/en\/\",\"logo\":{\"@type\":\"ImageObject\",\"inLanguage\":\"en-US\",\"@id\":\"https:\/\/quaisdupolar.com\/en\/#\/schema\/logo\/image\/\",\"url\":\"https:\/\/quaisdupolar.com\/wp-content\/uploads\/2024\/08\/logo-quais-50.png\",\"contentUrl\":\"https:\/\/quaisdupolar.com\/wp-content\/uploads\/2024\/08\/logo-quais-50.png\",\"width\":428,\"height\":179,\"caption\":\"Quais du Polar\"},\"image\":{\"@id\":\"https:\/\/quaisdupolar.com\/en\/#\/schema\/logo\/image\/\"},\"sameAs\":[\"https:\/\/www.facebook.com\/quaisdupolar\/\",\"https:\/\/x.com\/QuaisPolar\",\"https:\/\/www.instagram.com\/quais_polar\/\"]}]}<\/script>\n<!-- \/ Yoast SEO plugin. -->","yoast_head_json":{"title":"Signings - Quais du polar","description":"Signings for your crime books are free and access is without reservation. Learn more here.","robots":{"index":"index","follow":"follow","max-snippet":"max-snippet:-1","max-image-preview":"max-image-preview:large","max-video-preview":"max-video-preview:-1"},"canonical":"https:\/\/quaisdupolar.com\/en\/programming\/signings\/","og_locale":"en_US","og_type":"article","og_title":"Signings - Quais du polar","og_description":"Signings for your crime books are free and access is without reservation. Learn more here.","og_url":"https:\/\/quaisdupolar.com\/en\/programming\/signings\/","og_site_name":"Quais du polar","article_publisher":"https:\/\/www.facebook.com\/quaisdupolar\/","article_modified_time":"2025-05-14T10:31:24+00:00","og_image":[{"width":428,"height":179,"url":"https:\/\/quaisdupolar.com\/wp-content\/uploads\/2024\/08\/logo-quais-50.png","type":"image\/png"}],"twitter_card":"summary_large_image","twitter_site":"@QuaisPolar","twitter_misc":{"Est. reading time":"2 minutes"},"schema":{"@context":"https:\/\/schema.org","@graph":[{"@type":"WebPage","@id":"https:\/\/quaisdupolar.com\/en\/programming\/signings\/","url":"https:\/\/quaisdupolar.com\/en\/programming\/signings\/","name":"Signings - Quais du polar","isPartOf":{"@id":"https:\/\/quaisdupolar.com\/en\/#website"},"datePublished":"2024-08-08T11:58:44+00:00","dateModified":"2025-05-14T10:31:24+00:00","description":"Signings for your crime books are free and access is without reservation. Learn more here.","breadcrumb":{"@id":"https:\/\/quaisdupolar.com\/en\/programming\/signings\/#breadcrumb"},"inLanguage":"en-US","potentialAction":[{"@type":"ReadAction","target":["https:\/\/quaisdupolar.com\/en\/programming\/signings\/"]}]},{"@type":"BreadcrumbList","@id":"https:\/\/quaisdupolar.com\/en\/programming\/signings\/#breadcrumb","itemListElement":[{"@type":"ListItem","position":1,"name":"Home","item":"https:\/\/quaisdupolar.com\/en\/"},{"@type":"ListItem","position":2,"name":"Programming","item":"https:\/\/quaisdupolar.com\/en\/programming\/"},{"@type":"ListItem","position":3,"name":"Signings"}]},{"@type":"WebSite","@id":"https:\/\/quaisdupolar.com\/en\/#website","url":"https:\/\/quaisdupolar.com\/en\/","name":"Quais du Polar","description":"","publisher":{"@id":"https:\/\/quaisdupolar.com\/en\/#organization"},"potentialAction":[{"@type":"SearchAction","target":{"@type":"EntryPoint","urlTemplate":"https:\/\/quaisdupolar.com\/en\/?s={search_term_string}"},"query-input":{"@type":"PropertyValueSpecification","valueRequired":true,"valueName":"search_term_string"}}],"inLanguage":"en-US"},{"@type":"Organization","@id":"https:\/\/quaisdupolar.com\/en\/#organization","name":"Quais du Polar","url":"https:\/\/quaisdupolar.com\/en\/","logo":{"@type":"ImageObject","inLanguage":"en-US","@id":"https:\/\/quaisdupolar.com\/en\/#\/schema\/logo\/image\/","url":"https:\/\/quaisdupolar.com\/wp-content\/uploads\/2024\/08\/logo-quais-50.png","contentUrl":"https:\/\/quaisdupolar.com\/wp-content\/uploads\/2024\/08\/logo-quais-50.png","width":428,"height":179,"caption":"Quais du Polar"},"image":{"@id":"https:\/\/quaisdupolar.com\/en\/#\/schema\/logo\/image\/"},"sameAs":["https:\/\/www.facebook.com\/quaisdupolar\/","https:\/\/x.com\/QuaisPolar","https:\/\/www.instagram.com\/quais_polar\/"]}]}},"_links":{"self":[{"href":"https:\/\/quaisdupolar.com\/en\/wp-json\/wp\/v2\/pages\/7363","targetHints":{"allow":["GET"]}}],"collection":[{"href":"https:\/\/quaisdupolar.com\/en\/wp-json\/wp\/v2\/pages"}],"about":[{"href":"https:\/\/quaisdupolar.com\/en\/wp-json\/wp\/v2\/types\/page"}],"author":[{"embeddable":true,"href":"https:\/\/quaisdupolar.com\/en\/wp-json\/wp\/v2\/users\/1"}],"replies":[{"embeddable":true,"href":"https:\/\/quaisdupolar.com\/en\/wp-json\/wp\/v2\/comments?post=7363"}],"version-history":[{"count":3,"href":"https:\/\/quaisdupolar.com\/en\/wp-json\/wp\/v2\/pages\/7363\/revisions"}],"predecessor-version":[{"id":19408,"href":"https:\/\/quaisdupolar.com\/en\/wp-json\/wp\/v2\/pages\/7363\/revisions\/19408"}],"up":[{"embeddable":true,"href":"https:\/\/quaisdupolar.com\/en\/wp-json\/wp\/v2\/pages\/7023"}],"wp:attachment":[{"href":"https:\/\/quaisdupolar.com\/en\/wp-json\/wp\/v2\/media?parent=7363"}],"curies":[{"name":"wp","href":"https:\/\/api.w.org\/{rel}","templated":true}]}}