{"id":7421,"date":"2024-08-04T01:20:24","date_gmt":"2024-08-03T23:20:24","guid":{"rendered":"https:\/\/quaisdupolar.preprod-14h28.com\/privacy-policy\/"},"modified":"2024-11-06T09:36:27","modified_gmt":"2024-11-06T08:36:27","slug":"privacy-policy","status":"publish","type":"page","link":"https:\/\/quaisdupolar.com\/en\/privacy-policy\/","title":{"rendered":"Privacy Policy"},"content":{"rendered":"\r\n<p class=\"p1\">La pr\u00e9sente politique d\u00e9crit la mani\u00e8re dont QUAIS DU POLAR traite et prot\u00e8ge les donn\u00e9es \u00e0 caract\u00e8re personnel des visiteurs et utilisateurs (ci-apr\u00e8s les \u00ab Utilisateurs \u00bb) du site Internet \u00ab\u00a0www.quaisdupolar.com\u00a0\u00bb (ci-apr\u00e8s le \u00ab Site \u00bb).<\/p>\r\n<p class=\"p1\">Le traitement des donn\u00e9es \u00e0 caract\u00e8re personnel est r\u00e9alis\u00e9 dans le respect du R\u00e8glement G\u00e9n\u00e9ral sur la Protection des Donn\u00e9es ou RGPD (R\u00e8glement UE 2016\/679), de la Loi Informatique et Libert\u00e9s n\u00b078-17 modifi\u00e9e ou LIL (ci-apr\u00e8s la L\u00e9gislation Applicable).<\/p>\r\n<ol class=\"ol1\">\r\n<li class=\"li1\"><b>Identit\u00e9 et coordonn\u00e9es du responsable de traitement<\/b><\/li>\r\n<\/ol>\r\n<p class=\"p1\">Rappel l\u00e9gal : Au sens de la L\u00e9gislation Applicable, les donn\u00e9es \u00e0 caract\u00e8re personnel sont toute information se rapportant \u00e0 une personne physique qui peut \u00eatre identifi\u00e9e, directement ou indirectement, par un ou plusieurs \u00e9l\u00e9ments<\/p>\r\n<p class=\"p1\">Le responsable du traitement est la personne qui d\u00e9termine les moyens et les finalit\u00e9s du traitement. Le sous-traitant est une personne traitant des donn\u00e9es \u00e0 caract\u00e8re personnel pour le compte du responsable du traitement. Il agit sous l\u2019autorit\u00e9 du responsable du traitement et sur instruction de celui-ci.<\/p>\r\n<p class=\"p1\">Le responsable des traitements est l\u2019association Quais du Polar, association loi 1901, N\u00b0 SIRET\u00a0: 48036707700058, dont le si\u00e8ge est 25 rue Chazi\u00e8re 69004 LYON.<\/p>\r\n<ol class=\"ol1\">\r\n<li class=\"li1\"><b>Pour quelles finalit\u00e9s QUAIS DU POLAR traite-t-elle vos donn\u00e9es\u00a0?<\/b><\/li>\r\n<\/ol>\r\n<table class=\"t1\" cellspacing=\"0\" cellpadding=\"0\">\r\n<tbody>\r\n<tr>\r\n<td class=\"td1\" valign=\"middle\">\r\n<p class=\"p4\"><b>Finalit\u00e9s<\/b><\/p>\r\n<\/td>\r\n<td class=\"td2\" valign=\"middle\">\r\n<p class=\"p4\"><b>Donn\u00e9es trait\u00e9es<\/b><\/p>\r\n<\/td>\r\n<td class=\"td3\" valign=\"middle\">\r\n<p class=\"p4\"><b>Base l\u00e9gale<\/b><\/p>\r\n<\/td>\r\n<td class=\"td4\" valign=\"middle\">\r\n<p class=\"p4\"><b>Dur\u00e9e de conservation<\/b><\/p>\r\n<\/td>\r\n<td class=\"td5\" valign=\"top\">\r\n<p class=\"p4\"><b>Destinataires et donn\u00e9es transmises<\/b><\/p>\r\n<\/td>\r\n<\/tr>\r\n<tr>\r\n<td class=\"td6\" valign=\"middle\">\r\n<p class=\"p4\"><b>Commande, livraison, facturation, informations sur le suivi de commande et comptabilit\u00e9 client <\/b><\/p>\r\n<\/td>\r\n<td class=\"td7\" valign=\"middle\">\r\n<p class=\"p5\">&#8211; <b>Identit\u00e9<\/b> : civilit\u00e9, nom, pr\u00e9nom, adresse postale de facturation et de livraison, num\u00e9ro de t\u00e9l\u00e9phone, adresse de courrier \u00e9lectronique<\/p>\r\n<p class=\"p5\"><br \/>&#8211; <b>Donn\u00e9es relatives \u00e0 la transaction<\/b> : num\u00e9ro de la transaction, num\u00e9ro de commande, d\u00e9tail de l\u2019achat, adresse postale du lieu de livraison <br \/><br \/>&#8211; <b>Donn\u00e9es relatives aux r\u00e8glements des factures<\/b> : modalit\u00e9s de r\u00e8glement<\/p>\r\n<\/td>\r\n<td class=\"td8\" valign=\"middle\">\r\n<p class=\"p5\">Ex\u00e9cution de nos obligations contractuelles<\/p>\r\n<\/td>\r\n<td class=\"td9\" valign=\"middle\">\r\n<p class=\"p5\">&#8211; Livraison 5 ans<br \/><br \/>&#8211; Donn\u00e9es comptables 10 ans<br \/><br \/>&#8211; Historique des achats 10 ans<\/p>\r\n<\/td>\r\n<td class=\"td10\" valign=\"top\">\r\n<p class=\"p5\"><b>Prestataire de livraison<\/b>\u00a0: Nom, pr\u00e9nom, adresse de livraison, adresse email, num\u00e9ro de t\u00e9l\u00e9phone, r\u00e9f\u00e9rence produit<\/p>\r\n<p class=\"p5\"><b>Prestataire de paiement<\/b>\u00a0: Monetico<\/p>\r\n<\/td>\r\n<\/tr>\r\n<tr>\r\n<td class=\"td11\" valign=\"middle\">\r\n<p class=\"p4\"><b>Relation client, service apr\u00e8s-vente\u00a0<\/b><\/p>\r\n<\/td>\r\n<td class=\"td12\" valign=\"middle\">\r\n<p class=\"p5\"><b>Donn\u00e9es n\u00e9cessaires li\u00e9es \u00e0 la nature de votre demande <\/b>telles que votre nom, pr\u00e9nom, adresse postale, num\u00e9ro de t\u00e9l\u00e9phone, adresse Email, donn\u00e9es transactionnelles li\u00e9es \u00e0 votre achat ou \u00e0 une intervention SAV, descriptif de votre demande, et le cas \u00e9ch\u00e9ant enregistrement vocal<\/p>\r\n<\/td>\r\n<td class=\"td13\" valign=\"middle\">\r\n<p class=\"p5\">Ex\u00e9cution de nos obligations contractuelles<\/p>\r\n<\/td>\r\n<td class=\"td14\" valign=\"middle\">\r\n<p class=\"p5\"><span class=\"Apple-converted-space\">\u00a0\u00a0 \u00a0 \u00a0 <\/span>5 ans<\/p>\r\n<\/td>\r\n<td class=\"td15\" valign=\"top\">\u00a0<\/td>\r\n<\/tr>\r\n<\/tbody>\r\n<\/table>\r\n<p class=\"p8\">Sur la base de son int\u00e9r\u00eat l\u00e9gitime, QUAIS DU POLAR utilise \u00e9galement l\u2019ensemble des donn\u00e9es pr\u00e9cit\u00e9es, pendant la dur\u00e9e de leur conservation, \u00e0 des fins d\u2019analyses statistiques non nominatives.<\/p>\r\n<ol class=\"ol1\">\r\n<li class=\"li1\"><b>Droits des Utilisateurs<\/b><\/li>\r\n<\/ol>\r\n<p class=\"p9\">Conform\u00e9ment \u00e0 la L\u00e9gislation Applicable, les Utilisateurs de QUAIS DU POLAR disposent des droits suivants, soumis \u00e0 certaines conditions :<\/p>\r\n<ul class=\"ul1\">\r\n<li class=\"li10\"><span class=\"s1\"><\/span><span class=\"s2\">droit d\u2019acc\u00e8s (article 15 RGPD) et de rectification (article 16 RGPD), de mise \u00e0 jour, de compl\u00e9tude des donn\u00e9es des Utilisateurs<\/span><\/li>\r\n<li class=\"li10\"><span class=\"s1\"><\/span><span class=\"s2\">droit de verrouillage ou d\u2019effacement des donn\u00e9es des Utilisateurs \u00e0 caract\u00e8re personnel (article 17 du RGPD), lorsqu\u2019elles sont inexactes, incompl\u00e8tes, \u00e9quivoques, p\u00e9rim\u00e9es, ou dans le cas o\u00f9 leur collecte, utilisation, communication ou conservation est interdite<\/span><\/li>\r\n<li class=\"li10\"><span class=\"s1\"><\/span><span class=\"s2\">droit de retirer \u00e0 tout moment son consentement (article 13-2c RGPD)<\/span><\/li>\r\n<li class=\"li10\"><span class=\"s1\"><\/span><span class=\"s2\">droit \u00e0 la limitation du traitement des donn\u00e9es des Utilisateurs (article 18 RGPD)<\/span><\/li>\r\n<li class=\"li10\"><span class=\"s1\"><\/span><span class=\"s2\">droit d\u2019opposition au traitement des donn\u00e9es des Utilisateurs (article 21 RGPD)<\/span><\/li>\r\n<li class=\"li10\"><span class=\"s1\"><\/span><span class=\"s2\">droit \u00e0 la portabilit\u00e9 des donn\u00e9es que les Utilisateurs auront fournies, lorsque ces donn\u00e9es font l\u2019objet de traitements automatis\u00e9s fond\u00e9s sur leur consentement ou sur un contrat (article 20 RGPD)<\/span><\/li>\r\n<\/ul>\r\n<p class=\"p12\">Si l\u2019Utilisateur souhaite savoir comment QUAIS DU POLAR utilise ses Donn\u00e9es Personnelles, demander \u00e0 les rectifier ou s\u2019oppose \u00e0 leur traitement, l\u2019Utilisateur peut contacter QUAIS DU POLAR par \u00e9crit \u00e0 l\u2019adresse suivante : QUAIS DU POLAR, 25 rue Chazi\u00e8re 69004 LYON, ou par mail \u00e0\u00a0communication@quaisdupolar.com. Dans ce cas, l\u2019Utilisateur doit fournir tout \u00e9l\u00e9ment de nature \u00e0 justifier de son identit\u00e9.<\/p>\r\n<p class=\"p12\">Les demandes de suppression de Donn\u00e9es Personnelles seront soumises aux obligations qui sont impos\u00e9es \u00e0 QUAIS DU POLAR par la loi, notamment en mati\u00e8re de conservation ou d\u2019archivage des Donn\u00e9es.<\/p>\r\n<p class=\"p12\">Les Utilisateurs de QUAIS DU POLAR peuvent d\u00e9poser une r\u00e9clamation aupr\u00e8s des autorit\u00e9s de contr\u00f4le, et notamment de la CNIL (Commission Nationale de l\u2019Informatique et des Libert\u00e9s).<\/p>\r\n<ol class=\"ol1\">\r\n<li class=\"li1\"><b>S\u00e9curit\u00e9 et h\u00e9bergement des Donn\u00e9es<\/b><\/li>\r\n<\/ol>\r\n<p class=\"p9\">QUAIS DU POLAR met en \u0153uvre toutes les mesures techniques et organisationnelles afin d\u2019assurer la s\u00e9curit\u00e9 des traitements de donn\u00e9es \u00e0 caract\u00e8re personnel et la confidentialit\u00e9 de Donn\u00e9es Personnelles.<\/p>\r\n<p class=\"p9\">A ce titre, QUAIS DU POLAR prend toutes les pr\u00e9cautions utiles, au regard de la nature des donn\u00e9es et des risques pr\u00e9sent\u00e9s par le traitement, afin de pr\u00e9server la s\u00e9curit\u00e9 des donn\u00e9es et, notamment, d\u2019emp\u00eacher qu\u2019elles soient d\u00e9form\u00e9es, endommag\u00e9es, ou que des tiers non autoris\u00e9s y aient acc\u00e8s (protection physique des locaux, proc\u00e9d\u00e9s d\u2019authentification avec acc\u00e8s personnel et s\u00e9curis\u00e9 via des identifiants et mots de passe confidentiels, journalisation des connexions\u2026).<\/p>\r\n<p class=\"p9\">Les Donn\u00e9es sont h\u00e9berg\u00e9es sur le territoire de l\u2019Union Europ\u00e9enne.<\/p>\r\n<p>&nbsp;<\/p>","protected":false},"excerpt":{"rendered":"<p>La pr\u00e9sente politique d\u00e9crit la mani\u00e8re dont QUAIS DU POLAR traite et prot\u00e8ge les donn\u00e9es \u00e0 caract\u00e8re personnel des visiteurs et utilisateurs (ci-apr\u00e8s les \u00ab Utilisateurs \u00bb) du site Internet \u00ab\u00a0www.quaisdupolar.com\u00a0\u00bb (ci-apr\u00e8s le \u00ab Site \u00bb). Le traitement des donn\u00e9es \u00e0 caract\u00e8re personnel est r\u00e9alis\u00e9 dans le respect du R\u00e8glement G\u00e9n\u00e9ral sur la Protection des [&hellip;]<\/p>\n","protected":false},"author":1,"featured_media":0,"parent":0,"menu_order":75,"comment_status":"closed","ping_status":"closed","template":"","meta":{"_acf_changed":false,"footnotes":""},"class_list":["post-7421","page","type-page","status-publish","hentry"],"acf":[],"yoast_head":"<!-- This site is optimized with the Yoast SEO plugin v27.1.1 - https:\/\/yoast.com\/product\/yoast-seo-wordpress\/ -->\n<title>Privacy Policy - Quais du polar<\/title>\n<meta name=\"robots\" content=\"noindex, nofollow\" \/>\n<meta property=\"og:locale\" content=\"en_US\" \/>\n<meta property=\"og:type\" content=\"article\" \/>\n<meta property=\"og:title\" content=\"Privacy Policy - Quais du polar\" \/>\n<meta property=\"og:description\" content=\"La pr\u00e9sente politique d\u00e9crit la mani\u00e8re dont QUAIS DU POLAR traite et prot\u00e8ge les donn\u00e9es \u00e0 caract\u00e8re personnel des visiteurs et utilisateurs (ci-apr\u00e8s les \u00ab Utilisateurs \u00bb) du site Internet \u00ab\u00a0www.quaisdupolar.com\u00a0\u00bb (ci-apr\u00e8s le \u00ab Site \u00bb). Le traitement des donn\u00e9es \u00e0 caract\u00e8re personnel est r\u00e9alis\u00e9 dans le respect du R\u00e8glement G\u00e9n\u00e9ral sur la Protection des [&hellip;]\" \/>\n<meta property=\"og:url\" content=\"https:\/\/quaisdupolar.com\/en\/privacy-policy\/\" \/>\n<meta property=\"og:site_name\" content=\"Quais du polar\" \/>\n<meta property=\"article:publisher\" content=\"https:\/\/www.facebook.com\/quaisdupolar\/\" \/>\n<meta property=\"article:modified_time\" content=\"2024-11-06T08:36:27+00:00\" \/>\n<meta property=\"og:image\" content=\"https:\/\/quaisdupolar.com\/wp-content\/uploads\/2024\/08\/logo-quais-50.png\" \/>\n\t<meta property=\"og:image:width\" content=\"428\" \/>\n\t<meta property=\"og:image:height\" content=\"179\" \/>\n\t<meta property=\"og:image:type\" content=\"image\/png\" \/>\n<meta name=\"twitter:card\" content=\"summary_large_image\" \/>\n<meta name=\"twitter:site\" content=\"@QuaisPolar\" \/>\n<meta name=\"twitter:label1\" content=\"Est. reading time\" \/>\n\t<meta name=\"twitter:data1\" content=\"4 minutes\" \/>\n<script type=\"application\/ld+json\" class=\"yoast-schema-graph\">{\"@context\":\"https:\/\/schema.org\",\"@graph\":[{\"@type\":\"WebPage\",\"@id\":\"https:\/\/quaisdupolar.com\/en\/privacy-policy\/\",\"url\":\"https:\/\/quaisdupolar.com\/en\/privacy-policy\/\",\"name\":\"Privacy Policy - Quais du polar\",\"isPartOf\":{\"@id\":\"https:\/\/quaisdupolar.com\/en\/#website\"},\"datePublished\":\"2024-08-03T23:20:24+00:00\",\"dateModified\":\"2024-11-06T08:36:27+00:00\",\"breadcrumb\":{\"@id\":\"https:\/\/quaisdupolar.com\/en\/privacy-policy\/#breadcrumb\"},\"inLanguage\":\"en-US\",\"potentialAction\":[{\"@type\":\"ReadAction\",\"target\":[\"https:\/\/quaisdupolar.com\/en\/privacy-policy\/\"]}]},{\"@type\":\"BreadcrumbList\",\"@id\":\"https:\/\/quaisdupolar.com\/en\/privacy-policy\/#breadcrumb\",\"itemListElement\":[{\"@type\":\"ListItem\",\"position\":1,\"name\":\"Home\",\"item\":\"https:\/\/quaisdupolar.com\/en\/\"},{\"@type\":\"ListItem\",\"position\":2,\"name\":\"Privacy Policy\"}]},{\"@type\":\"WebSite\",\"@id\":\"https:\/\/quaisdupolar.com\/en\/#website\",\"url\":\"https:\/\/quaisdupolar.com\/en\/\",\"name\":\"Quais du Polar\",\"description\":\"\",\"publisher\":{\"@id\":\"https:\/\/quaisdupolar.com\/en\/#organization\"},\"potentialAction\":[{\"@type\":\"SearchAction\",\"target\":{\"@type\":\"EntryPoint\",\"urlTemplate\":\"https:\/\/quaisdupolar.com\/en\/?s={search_term_string}\"},\"query-input\":{\"@type\":\"PropertyValueSpecification\",\"valueRequired\":true,\"valueName\":\"search_term_string\"}}],\"inLanguage\":\"en-US\"},{\"@type\":\"Organization\",\"@id\":\"https:\/\/quaisdupolar.com\/en\/#organization\",\"name\":\"Quais du Polar\",\"url\":\"https:\/\/quaisdupolar.com\/en\/\",\"logo\":{\"@type\":\"ImageObject\",\"inLanguage\":\"en-US\",\"@id\":\"https:\/\/quaisdupolar.com\/en\/#\/schema\/logo\/image\/\",\"url\":\"https:\/\/quaisdupolar.com\/wp-content\/uploads\/2024\/08\/logo-quais-50.png\",\"contentUrl\":\"https:\/\/quaisdupolar.com\/wp-content\/uploads\/2024\/08\/logo-quais-50.png\",\"width\":428,\"height\":179,\"caption\":\"Quais du Polar\"},\"image\":{\"@id\":\"https:\/\/quaisdupolar.com\/en\/#\/schema\/logo\/image\/\"},\"sameAs\":[\"https:\/\/www.facebook.com\/quaisdupolar\/\",\"https:\/\/x.com\/QuaisPolar\",\"https:\/\/www.instagram.com\/quais_polar\/\"]}]}<\/script>\n<!-- \/ Yoast SEO plugin. -->","yoast_head_json":{"title":"Privacy Policy - Quais du polar","robots":{"index":"noindex","follow":"nofollow"},"og_locale":"en_US","og_type":"article","og_title":"Privacy Policy - Quais du polar","og_description":"La pr\u00e9sente politique d\u00e9crit la mani\u00e8re dont QUAIS DU POLAR traite et prot\u00e8ge les donn\u00e9es \u00e0 caract\u00e8re personnel des visiteurs et utilisateurs (ci-apr\u00e8s les \u00ab Utilisateurs \u00bb) du site Internet \u00ab\u00a0www.quaisdupolar.com\u00a0\u00bb (ci-apr\u00e8s le \u00ab Site \u00bb). Le traitement des donn\u00e9es \u00e0 caract\u00e8re personnel est r\u00e9alis\u00e9 dans le respect du R\u00e8glement G\u00e9n\u00e9ral sur la Protection des [&hellip;]","og_url":"https:\/\/quaisdupolar.com\/en\/privacy-policy\/","og_site_name":"Quais du polar","article_publisher":"https:\/\/www.facebook.com\/quaisdupolar\/","article_modified_time":"2024-11-06T08:36:27+00:00","og_image":[{"width":428,"height":179,"url":"https:\/\/quaisdupolar.com\/wp-content\/uploads\/2024\/08\/logo-quais-50.png","type":"image\/png"}],"twitter_card":"summary_large_image","twitter_site":"@QuaisPolar","twitter_misc":{"Est. reading time":"4 minutes"},"schema":{"@context":"https:\/\/schema.org","@graph":[{"@type":"WebPage","@id":"https:\/\/quaisdupolar.com\/en\/privacy-policy\/","url":"https:\/\/quaisdupolar.com\/en\/privacy-policy\/","name":"Privacy Policy - Quais du polar","isPartOf":{"@id":"https:\/\/quaisdupolar.com\/en\/#website"},"datePublished":"2024-08-03T23:20:24+00:00","dateModified":"2024-11-06T08:36:27+00:00","breadcrumb":{"@id":"https:\/\/quaisdupolar.com\/en\/privacy-policy\/#breadcrumb"},"inLanguage":"en-US","potentialAction":[{"@type":"ReadAction","target":["https:\/\/quaisdupolar.com\/en\/privacy-policy\/"]}]},{"@type":"BreadcrumbList","@id":"https:\/\/quaisdupolar.com\/en\/privacy-policy\/#breadcrumb","itemListElement":[{"@type":"ListItem","position":1,"name":"Home","item":"https:\/\/quaisdupolar.com\/en\/"},{"@type":"ListItem","position":2,"name":"Privacy Policy"}]},{"@type":"WebSite","@id":"https:\/\/quaisdupolar.com\/en\/#website","url":"https:\/\/quaisdupolar.com\/en\/","name":"Quais du Polar","description":"","publisher":{"@id":"https:\/\/quaisdupolar.com\/en\/#organization"},"potentialAction":[{"@type":"SearchAction","target":{"@type":"EntryPoint","urlTemplate":"https:\/\/quaisdupolar.com\/en\/?s={search_term_string}"},"query-input":{"@type":"PropertyValueSpecification","valueRequired":true,"valueName":"search_term_string"}}],"inLanguage":"en-US"},{"@type":"Organization","@id":"https:\/\/quaisdupolar.com\/en\/#organization","name":"Quais du Polar","url":"https:\/\/quaisdupolar.com\/en\/","logo":{"@type":"ImageObject","inLanguage":"en-US","@id":"https:\/\/quaisdupolar.com\/en\/#\/schema\/logo\/image\/","url":"https:\/\/quaisdupolar.com\/wp-content\/uploads\/2024\/08\/logo-quais-50.png","contentUrl":"https:\/\/quaisdupolar.com\/wp-content\/uploads\/2024\/08\/logo-quais-50.png","width":428,"height":179,"caption":"Quais du Polar"},"image":{"@id":"https:\/\/quaisdupolar.com\/en\/#\/schema\/logo\/image\/"},"sameAs":["https:\/\/www.facebook.com\/quaisdupolar\/","https:\/\/x.com\/QuaisPolar","https:\/\/www.instagram.com\/quais_polar\/"]}]}},"_links":{"self":[{"href":"https:\/\/quaisdupolar.com\/en\/wp-json\/wp\/v2\/pages\/7421","targetHints":{"allow":["GET"]}}],"collection":[{"href":"https:\/\/quaisdupolar.com\/en\/wp-json\/wp\/v2\/pages"}],"about":[{"href":"https:\/\/quaisdupolar.com\/en\/wp-json\/wp\/v2\/types\/page"}],"author":[{"embeddable":true,"href":"https:\/\/quaisdupolar.com\/en\/wp-json\/wp\/v2\/users\/1"}],"replies":[{"embeddable":true,"href":"https:\/\/quaisdupolar.com\/en\/wp-json\/wp\/v2\/comments?post=7421"}],"version-history":[{"count":3,"href":"https:\/\/quaisdupolar.com\/en\/wp-json\/wp\/v2\/pages\/7421\/revisions"}],"predecessor-version":[{"id":12800,"href":"https:\/\/quaisdupolar.com\/en\/wp-json\/wp\/v2\/pages\/7421\/revisions\/12800"}],"wp:attachment":[{"href":"https:\/\/quaisdupolar.com\/en\/wp-json\/wp\/v2\/media?parent=7421"}],"curies":[{"name":"wp","href":"https:\/\/api.w.org\/{rel}","templated":true}]}}